{"id":11935,"date":"2018-06-25T18:11:36","date_gmt":"2018-06-25T16:11:36","guid":{"rendered":"http:\/\/mgtiroda.hu\/?page_id=11935"},"modified":"2019-01-17T19:20:59","modified_gmt":"2019-01-17T18:20:59","slug":"tisztsegviselok","status":"publish","type":"page","link":"https:\/\/mgtiroda.hu\/en\/tisztsegviselok\/","title":{"rendered":"Tiszts\u00e9gvisel\u0151k"},"content":{"rendered":"<p><strong>Az MGT Eln\u00f6ks\u00e9ge:<\/strong><\/p>\n<p>Eln\u00f6k (President):\u00a0Moln\u00e1r Tam\u00e1s<br \/>\nVolt eln\u00f6k (Past President):\u00a0Hersz\u00e9nyi L\u00e1szl\u00f3<br \/>\nJ\u00f6v\u0151beni eln\u00f6k (President Elect):\u00a0Bene L\u00e1szl\u00f3<br \/>\nF\u0151titk\u00e1r (Secretary General): Gy\u00f6keres Tibor<br \/>\nGazdas\u00e1gi titk\u00e1r (Treasurer): Vincze \u00c1ron<\/p>\n<p><strong>MGT Vezet\u0151s\u00e9ge (2018-2020):<\/strong><\/p>\n<table>\n<tbody>\n<tr>\n<td>\u00c1brah\u00e1m Szabolcs<br \/>\nAltorjay Istv\u00e1n<br \/>\nBajor Judit<br \/>\nB\u00e1lint Andr\u00e1s<br \/>\nBene L\u00e1szl\u00f3<br \/>\nCzak\u00f3 L\u00e1szl\u00f3<br \/>\nCzep\u00e1n M\u00e1ty\u00e1s<br \/>\nCzimmer J\u00f3zsef<br \/>\nDemeter P\u00e1l<br \/>\nDezs\u0151fi Antal<br \/>\nDubravcsik Zsolt<br \/>\nFarkas Klaudia<br \/>\nGasztonyi Be\u00e1ta<br \/>\nGurz\u00f3 Zolt\u00e1n<br \/>\nGy\u00f6keres Tibor<br \/>\nHamvas J\u00f3zsef<br \/>\nHars\u00e1nyi L\u00e1szl\u00f3<br \/>\nHegyi P\u00e9ter<br \/>\nHersz\u00e9nyi L\u00e1szl\u00f3<br \/>\nHorv\u00e1th G\u00e1bor<\/td>\n<td>Horv\u00e1th Mikl\u00f3s<br \/>\nHritz Istv\u00e1n<br \/>\nHunyady B\u00e9la<br \/>\nIzb\u00e9ki Ferenc<br \/>\nJuh\u00e1sz M\u00e1rk<br \/>\nKov\u00e1cs M\u00e1rta<br \/>\nKrist\u00f3f T\u00fcnde<br \/>\nLakner Lilla<br \/>\nL\u00e1z\u00e1r Gy\u00f6rgy<br \/>\nMad\u00e1csy L\u00e1szl\u00f3<br \/>\nMiheller P\u00e1l<br \/>\nMoln\u00e1r B\u00e9la<br \/>\nMoln\u00e1r Tam\u00e1s<br \/>\nNov\u00e1k J\u00e1nos<br \/>\nOl\u00e1h Attila<br \/>\nP\u00e1k P\u00e9ter<br \/>\nPalatka K\u00e1roly<br \/>\nPapp M\u00e1ria<br \/>\nP\u00e1r Gabriella<br \/>\nPatai \u00c1rp\u00e1d<\/td>\n<td>P\u00e9csi Gyula<br \/>\nRakonczay Zolt\u00e1n<br \/>\nR\u00f3ka Rich\u00e1rd<br \/>\nRoszt\u00f3czy Andr\u00e1s<br \/>\nSahin P\u00e9ter<br \/>\nSarl\u00f3s Patr\u00edcia<br \/>\nSchafer Eszter<br \/>\nSzamosi Tam\u00e1s<br \/>\nSzegedi L\u00e1szl\u00f3<br \/>\nSz\u00e9kely Gy\u00f6rgy<br \/>\nSzepes Attila<br \/>\nSzepes Zolt\u00e1n<br \/>\nSz\u0151nyi Mih\u00e1ly<br \/>\nTaller Andr\u00e1s<br \/>\nTiszlavicz L\u00e1szl\u00f3<br \/>\nTornai Istv\u00e1n<br \/>\nVarga G\u00e1bor<br \/>\nVarga M\u00e1rta<br \/>\nVeres G\u00e1bor<br \/>\nVincze \u00c1ron<\/td>\n<\/tr>\n<\/tbody>\n<\/table>\n<p>&#8212;&#8212;&#8212;&#8212;&#8212;&#8212;&#8212;&#8212;&#8212;&#8212;&#8212;&#8212;&#8212;&#8212;&#8212;&#8212;&#8212;&#8212;&#8212;&#8212;&#8212;&#8212;&#8212;&#8212;&#8212;&#8212;&#8212;&#8212;&#8212;&#8212;<\/p>\n<hr id=\"system-readmore\" \/>\n<p><strong>MGT Vezet\u0151s\u00e9ge (2016-2018):<\/strong><\/p>\n<table>\n<tbody>\n<tr>\n<td>Altorjay Istv\u00e1n<br \/>\nBajor Judit<br \/>\nB\u00e1lint Andr\u00e1s<br \/>\nBene L\u00e1szl\u00f3<br \/>\nCzak\u00f3 L\u00e1szl\u00f3<br \/>\nCzimmer J\u00f3zsef<br \/>\nDemeter P\u00e1l<br \/>\nDezsofi Antal<br \/>\nDubravcsik Zsolt<br \/>\nGasztonyi Be\u00e1ta<br \/>\nGecse Krisztina<br \/>\nGurz\u00f3 Zolt\u00e1n<br \/>\nGy\u00f6keres Tibor<br \/>\nHamvas J\u00f3zsef<br \/>\nHars\u00e1nyi L\u00e1szl\u00f3<br \/>\nHegyi P\u00e9ter<br \/>\nHersz\u00e9nyi L\u00e1szl\u00f3<br \/>\nHorv\u00e1th G\u00e1bor<br \/>\nHorv\u00e1th Mikl\u00f3s<br \/>\nHritz Istv\u00e1n<\/td>\n<td>Hunyady B\u00e9la<br \/>\nIzb\u00e9ki Ferenc<br \/>\nJuh\u00e1sz M\u00e1rk<br \/>\nKrist\u00f3f T\u00fcnde<br \/>\nLakatos L\u00e1szl\u00f3<br \/>\nLakatos P\u00e9ter L\u00e1szl\u00f3<br \/>\nLakner Lilla<br \/>\nMad\u00e1csy L\u00e1szl\u00f3<br \/>\nMiheller P\u00e1l<br \/>\nMoln\u00e1r B\u00e9la<br \/>\nMoln\u00e1r Tam\u00e1s<br \/>\nNov\u00e1k J\u00e1nos<br \/>\nOl\u00e1h Attila<br \/>\nP\u00e1k P\u00e9ter<br \/>\nPakodi Ferenc<br \/>\nPalatka K\u00e1roly<br \/>\nP\u00e1r Gabriella<br \/>\nPatai \u00c1rp\u00e1d<br \/>\nP\u00e9csi Gyula<br \/>\nR\u00e1cz Istv\u00e1n<\/td>\n<td>Rakonczay Zolt\u00e1n<br \/>\nR\u00f3ka Rich\u00e1rd<br \/>\nRoszt\u00f3czy Andr\u00e1s<br \/>\nSahin P\u00e9ter<br \/>\nSchafer Eszter<br \/>\nSzamosi Tam\u00e1s<br \/>\nSzegedi L\u00e1szl\u00f3<br \/>\nSz\u00e9kely Gy\u00f6rgy<br \/>\nSzepes Attila<br \/>\nSzepes Zolt\u00e1n<br \/>\nSzij\u00e1rt\u00f3 Attila<br \/>\nSz\u0151nyi Mih\u00e1ly<br \/>\nTaller Andr\u00e1s<br \/>\nTiszlavicz L\u00e1szl\u00f3<br \/>\nTopa Lajos<br \/>\nTornai Istv\u00e1n<br \/>\nVarga G\u00e1bor<br \/>\nVarga M\u00e1rta<br \/>\nVeres G\u00e1bor<br \/>\nVincze \u00c1ron<\/td>\n<\/tr>\n<\/tbody>\n<\/table>\n<p>&#8212;&#8212;&#8212;&#8212;&#8212;&#8212;&#8212;&#8212;&#8212;&#8212;&#8212;&#8212;&#8212;&#8212;&#8212;&#8212;&#8212;&#8212;&#8212;&#8212;&#8212;&#8212;&#8212;&#8212;&#8212;&#8212;&#8212;&#8212;&#8212;&#8212;<\/p>\n<p><strong>MGT Vezet\u0151s\u00e9ge (2014-2016):<\/strong><\/p>\n<table>\n<tbody>\n<tr>\n<td>Altorjay Istv\u00e1n<br \/>\nBajor Judit<br \/>\nB\u00e1lint Andr\u00e1s<br \/>\nBene L\u00e1szl\u00f3<br \/>\nCzak\u00f3 L\u00e1szl\u00f3<br \/>\nCzimmer J\u00f3zsef<br \/>\nDemeter P\u00e1l<br \/>\nDubravcsik Zsolt<br \/>\nFigler M\u00e1ria<br \/>\nGaramszegi M\u00e1ria<br \/>\nGasztonyi Be\u00e1ta<br \/>\nGecse Krisztina<br \/>\nGervain Judit<br \/>\nGurz\u00f3 Zolt\u00e1n<br \/>\nGy\u00f6keres Tibor<br \/>\nHamvas J\u00f3zsef<br \/>\nHars\u00e1nyi L\u00e1szl\u00f3<br \/>\nHegyi P\u00e9ter<br \/>\nHersz\u00e9nyi L\u00e1szl\u00f3<br \/>\nHorv\u00e1th G\u00e1bor<\/td>\n<td>Hritz Istv\u00e1n<br \/>\nHunyady B\u00e9la<br \/>\nIzb\u00e9ki Ferenc<br \/>\nJuh\u00e1sz M\u00e1rk<br \/>\nLakatos L\u00e1szl\u00f3<br \/>\nLakatos P\u00e9ter L\u00e1szl\u00f3<br \/>\nLakner Lilla<br \/>\nMad\u00e1csy L\u00e1szl\u00f3<br \/>\nMiheller P\u00e1l<br \/>\nMoln\u00e1r B\u00e9la<br \/>\nMoln\u00e1r Tam\u00e1s<br \/>\nNov\u00e1k J\u00e1nos<br \/>\nOl\u00e1h Attila<br \/>\nOrosz P\u00e9ter<br \/>\nP\u00e1k P\u00e9ter<br \/>\nPakodi Ferenc<br \/>\nPalatka K\u00e1roly<br \/>\nP\u00e1r Gabriella<br \/>\nPatai \u00c1rp\u00e1d<br \/>\nP\u00e9csi Gyula<\/td>\n<td>R\u00e1cz Istv\u00e1n<br \/>\nRakonczay Zolt\u00e1n<br \/>\nRoszt\u00f3czy Andr\u00e1s<br \/>\nSch\u00e4fer Eszter<br \/>\nSzegedi L\u00e1szl\u00f3<br \/>\nSz\u00e9kely Gy\u00f6rgy<br \/>\nSzepes Attila<br \/>\nSzepes Zolt\u00e1n<br \/>\nSzij\u00e1rt\u00f3 Attila<br \/>\nSz\u0151nyi Mih\u00e1ly<br \/>\nTak\u00e1cs Tam\u00e1s<br \/>\nTaller Andr\u00e1s<br \/>\nTiszlavicz L\u00e1szl\u00f3<br \/>\nTopa Lajos<br \/>\nTornai Istv\u00e1n<br \/>\nVarga G\u00e1bor<br \/>\nVarga M\u00e1rta<br \/>\nVeres G\u00e1bor<br \/>\nVincze \u00c1ron<br \/>\nWittmann Tibor<\/td>\n<\/tr>\n<\/tbody>\n<\/table>\n<p><strong>Az MGT 2014-2016 vezet\u0151s\u00e9g f\u00e9nyk\u00e9pes adatai a k\u00f6vetkez\u0151 linkrei kattintva tekinthet\u0151ek meg:<\/strong> \u00a0<a href=\"mgt-vezetoseg\/mgt-tisztsegviselok-adatai-2014-2016.html\" target=\"_blank\" rel=\"noopener\">http:\/\/www.gastroenter.hu\/mgt-vezetoseg\/mgt-tisztsegviselok-adatai-2014-2016.html<\/a><\/p>\n<p><strong>A MGT vezet\u0151s\u00e9g mellett m\u0171k\u00f6d\u0151 tiszts\u00e9gvisel\u0151k:<\/strong><\/p>\n<p><span style=\"text-decoration: underline;\">Ellen\u0151r:<\/span> Bod\u00e1nszky Hedvig<\/p>\n<p><span style=\"text-decoration: underline;\">Fel\u00fcgyel\u0151 Bizotts\u00e1g:<\/span> Kovalszky Ilona, S\u00fct\u0151 G\u00e1bor, Tak\u00e1ts Alajos, p\u00f3ttagok: P\u00e1k G\u00e1bor<\/p>\n<p><span style=\"text-decoration: underline;\">Fegyelmi Bizotts\u00e1g:<\/span> Lengyel Gabriella, Nagy Gy\u00f6rgy, V\u00e1rkonyi \u00c1gnes p\u00f3ttagok: Gasztonyi Be\u00e1ta, Varga Mih\u00e1ly<\/p>\n<p><span style=\"text-decoration: underline;\">Tiszteletbeli eln\u00f6k\u00f6k:<\/span> Lonovics J\u00e1nos, Pap \u00c1kos, Papp J\u00e1nos, Tulassay Zsolt, Varr\u00f3 Vince<\/p>\n<p><span style=\"text-decoration: underline;\">Tiszteletbeli vezet\u0151s\u00e9gi tagok:<\/span> B. Kov\u00e1cs Judit, Bajtai Attila, Balogh Istv\u00e1n, Banai J\u00e1nos, Ber\u00f3 Tam\u00e1s, Demeter Jol\u00e1n, Domj\u00e1n Lajos, D\u00f6br\u00f6nte Zolt\u00e1n, Eckhardt S\u00e1ndor, Faller J\u00f3zsef, Flautner Lajos, Gervain Judit, Juh\u00e1sz L\u00e1szl\u00f3, Kendrey G\u00e1bor, Kisfalvi Istv\u00e1n, Kov\u00e1cs \u00c1gota, Lapis K\u00e1roly, Magyar Anna, M\u00f3zsik Gyula, Nemes\u00e1nszky Elem\u00e9r, P\u00e1r Alajos, Perner Ferenc, S\u00e1py P\u00e9ter, Schaff Zsuzsa, Solt Jen\u0151, Szalay Ferenc, Sz\u00e1nt\u00f3 Imre, Szebeni \u00c1gnes, T\u00e1rnok Ferenc, Wittmann Tibor<\/p>\n<p>&nbsp;<\/p>","protected":false},"excerpt":{"rendered":"<p>Az MGT Eln\u00f6ks\u00e9ge: Eln\u00f6k (President):\u00a0Moln\u00e1r Tam\u00e1s Volt eln\u00f6k (Past President):\u00a0Hersz\u00e9nyi L\u00e1szl\u00f3 J\u00f6v\u0151beni eln\u00f6k (President Elect):\u00a0Bene L\u00e1szl\u00f3 F\u0151titk\u00e1r (Secretary General): Gy\u00f6keres Tibor Gazdas\u00e1gi titk\u00e1r (Treasurer): Vincze <a href=\"https:\/\/mgtiroda.hu\/en\/tisztsegviselok\/\"> [&#8230;]<\/a><\/p>\n","protected":false},"author":1,"featured_media":0,"parent":0,"menu_order":0,"comment_status":"open","ping_status":"closed","template":"","meta":{"footnotes":""},"class_list":["post-11935","page","type-page","status-publish","hentry"],"_links":{"self":[{"href":"https:\/\/mgtiroda.hu\/en\/wp-json\/wp\/v2\/pages\/11935","targetHints":{"allow":["GET"]}}],"collection":[{"href":"https:\/\/mgtiroda.hu\/en\/wp-json\/wp\/v2\/pages"}],"about":[{"href":"https:\/\/mgtiroda.hu\/en\/wp-json\/wp\/v2\/types\/page"}],"author":[{"embeddable":true,"href":"https:\/\/mgtiroda.hu\/en\/wp-json\/wp\/v2\/users\/1"}],"replies":[{"embeddable":true,"href":"https:\/\/mgtiroda.hu\/en\/wp-json\/wp\/v2\/comments?post=11935"}],"version-history":[{"count":0,"href":"https:\/\/mgtiroda.hu\/en\/wp-json\/wp\/v2\/pages\/11935\/revisions"}],"wp:attachment":[{"href":"https:\/\/mgtiroda.hu\/en\/wp-json\/wp\/v2\/media?parent=11935"}],"curies":[{"name":"wp","href":"https:\/\/api.w.org\/{rel}","templated":true}]}}