{"id":12084,"date":"2019-01-17T16:41:37","date_gmt":"2019-01-17T15:41:37","guid":{"rendered":"http:\/\/mgtiroda.hu\/?page_id=12084"},"modified":"2023-02-07T13:34:32","modified_gmt":"2023-02-07T12:34:32","slug":"tagsagi-informaciok","status":"publish","type":"page","link":"https:\/\/mgtiroda.hu\/en\/a-tarsasagrol\/tagsagi-informaciok\/","title":{"rendered":"Membership informations"},"content":{"rendered":"<p><div class=\"fusion-fullwidth fullwidth-box fusion-builder-row-1 fusion-parallax-none hundred-percent-fullwidth non-hundred-percent-height-scrolling\" style=\"--awb-background-blend-mode:overlay;--awb-border-radius-top-left:0px;--awb-border-radius-top-right:0px;--awb-border-radius-bottom-right:0px;--awb-border-radius-bottom-left:0px;--awb-padding-top:100px;--awb-padding-bottom:100px;--awb-background-color:rgba(71,71,71,0.74);--awb-background-image:url(&quot;http:\/\/mgtiroda.hu\/wp-content\/uploads\/mgt-tagsagi-informaciok.jpg&quot;);--awb-background-size:cover;--awb-flex-wrap:wrap;\" ><div class=\"fusion-builder-row fusion-row\"><div class=\"fusion-layout-column fusion_builder_column fusion-builder-column-0 fusion_builder_column_1_1 1_1 fusion-one-full fusion-column-first fusion-column-last\" style=\"--awb-bg-size:cover;\"><div class=\"fusion-column-wrapper fusion-flex-column-wrapper-legacy\"><div class=\"fusion-title title fusion-title-1 fusion-sep-none fusion-title-center fusion-title-text fusion-title-size-one\" style=\"--awb-text-color:#ffffff;--awb-margin-bottom:0px;--awb-margin-top-small:0px;--awb-margin-right-small:0px;--awb-margin-bottom-small:20px;--awb-margin-left-small:0px;\"><h1 class=\"fusion-title-heading title-heading-center fusion-responsive-typography-calculated\" style=\"margin:0;--fontSize:30;line-height:1.45;\">TAGS\u00c1GI INFORM\u00c1CI\u00d3K<\/h1><\/div><div class=\"fusion-clearfix\"><\/div><\/div><\/div><\/div><\/div><div class=\"fusion-fullwidth fullwidth-box fusion-builder-row-2 nonhundred-percent-fullwidth non-hundred-percent-height-scrolling\" style=\"--awb-border-radius-top-left:0px;--awb-border-radius-top-right:0px;--awb-border-radius-bottom-right:0px;--awb-border-radius-bottom-left:0px;--awb-flex-wrap:wrap;\" ><div class=\"fusion-builder-row fusion-row\"><div class=\"fusion-layout-column fusion_builder_column fusion-builder-column-1 fusion_builder_column_1_1 1_1 fusion-one-full fusion-column-first fusion-column-last\" style=\"--awb-bg-size:cover;\"><div class=\"fusion-column-wrapper fusion-flex-column-wrapper-legacy\"><div class=\"fusion-title title fusion-title-2 fusion-title-text fusion-title-size-two\" style=\"--awb-margin-top:50px;--awb-margin-top-small:0px;--awb-margin-right-small:0px;--awb-margin-bottom-small:20px;--awb-margin-left-small:0px;\"><h2 class=\"fusion-title-heading title-heading-left fusion-responsive-typography-calculated\" style=\"margin:0;--fontSize:20;--minFontSize:20;line-height:1.5;\">TAGD\u00cdJFIZET\u00c9SI T\u00c1J\u00c9KOZTAT\u00d3<\/h2><span class=\"awb-title-spacer\"><\/span><div class=\"title-sep-container\"><div class=\"title-sep sep-double sep-solid\" style=\"border-color:#e0dede;\"><\/div><\/div><\/div><div class=\"fusion-text fusion-text-1\"><p>Az \u00e9ves tagd\u00edjat \u00c1TUTAL\u00c1SSAL lehet az al\u00e1bbi banksz\u00e1mlasz\u00e1m\u00e1ra kifizetni:<\/p>\n<p>Banksz\u00e1mlasz\u00e1m:\u00a0<strong>11709002-20334970<\/strong><br \/>\nKedvezm\u00e9nyezett: Magyar Gasztroenterol\u00f3giai T\u00e1rsas\u00e1g<\/p>\n<p>A megjegyz\u00e9s rovatban k\u00e9rj\u00fck felt\u00fcntetni az MGT tag nev\u00e9t \u00e9s c\u00edm\u00e9t.<\/p>\n<p>Az \u00e9rv\u00e9nyes tagd\u00edjak 2023.01.01-t\u0151l:<\/p>\n<ul>\n<li>Tag: 9.000,- Ft<\/li>\n<li>Fiatal tag (35 \u00e9v alatt): 5.000,- Ft<\/li>\n<li>Nyugd\u00edjas tag: 1.000,- Ft<\/li>\n<li>Orvostanhallgat\u00f3 \u00e9s TDK-s tag: 1.000,- Ft<\/li>\n<li>Endoszk\u00f3pos asszisztens \u00e9s n\u0151v\u00e9r tag: 1.000,- Ft<\/li>\n<\/ul>\n<p>A befizet\u00e9sr\u0151l sz\u00e1ml\u00e1t k\u00fcld\u00fcnk.<br \/>\nHa d\u00edj\u00e1t szponzor fizeti, akkor annak nev\u00e9t \u00e9s c\u00edm\u00e9t k\u00e9rj\u00fck k\u00fcl\u00f6n megadni.<br \/>\nHa h\u00e1tral\u00e9kot is fizet, azt k\u00fcl\u00f6n t\u00fcntesse fel.<\/p>\n<p>MGT \u00c1lland\u00f3 Iroda el\u00e9rhet\u0151s\u00e9gei:<br \/>\nTel: +36 30 548 7472<br \/>\nE-mail:\u00a0<span id=\"cloak3f620535f670820141cc68f769d74fcf\"><a href=\"mailto:gastroent@gmail.com\">gastroent@gmail.com<\/a><\/span><br \/>\nLevelez\u00e9si c\u00edm: 1092 Budapest, Kinizsi u. 22. III\/7.<\/p>\n<p>Az MGT tags\u00e1gba val\u00f3\u00a0<strong>bel\u00e9p\u00e9shez<\/strong>\u00a0haszn\u00e1lja az al\u00e1bbi linken el\u00e9rhet\u0151 on-line fel\u00fcletet:<\/p>\n<p><a href=\"http:\/\/crm.mgtiroda.hu\/membership\/register\" target=\"_blank\" rel=\"noopener noreferrer\">http:\/\/crm.mgtiroda.hu\/membership\/register<\/a><\/p>\n<p><a href=\"http:\/\/crm.mgtiroda.hu\/membership\/register\" target=\"_blank\" rel=\"noopener noreferrer\">REGISZTR\u00c1L\u00c1S AZ MGT TAGS\u00c1GBA<\/a><\/p>\n<p><a href=\"http:\/\/crm.mgtiroda.hu\/membership\/login\" target=\"_blank\" rel=\"noopener\">BEL\u00c9P\u00c9S MGT TAGOKNAK<\/a> (az adatlap megtekint\u00e9si)<\/p>\n<p><a href=\"https:\/\/crm.mgtiroda.hu\/password\/reset\" target=\"_blank\" rel=\"noopener\">ELFELEJTETTE JELSZAV\u00c1T?<\/a><\/p>\n<\/div><div class=\"fusion-clearfix\"><\/div><\/div><\/div><\/div><\/div><div class=\"fusion-fullwidth fullwidth-box fusion-builder-row-3 nonhundred-percent-fullwidth non-hundred-percent-height-scrolling container-nemzetkozi-szervezetek\" style=\"--awb-border-sizes-top:0px;--awb-border-sizes-bottom:0px;--awb-border-sizes-left:0px;--awb-border-sizes-right:0px;--awb-border-radius-top-left:0px;--awb-border-radius-top-right:0px;--awb-border-radius-bottom-right:0px;--awb-border-radius-bottom-left:0px;--awb-padding-top:10px;--awb-padding-bottom:10px;--awb-background-color:#3b9bcc;--awb-flex-wrap:wrap;\" ><div class=\"fusion-builder-row fusion-row\"><div class=\"fusion-layout-column fusion_builder_column fusion-builder-column-2 fusion_builder_column_1_1 1_1 fusion-one-full fusion-column-first fusion-column-last\" style=\"--awb-bg-size:cover;\"><div class=\"fusion-column-wrapper fusion-flex-column-wrapper-legacy\"><div class=\"fusion-title title fusion-title-3 sep-underline sep-dotted fusion-title-text fusion-title-size-two color-white\" style=\"--awb-margin-bottom:0px;--awb-margin-top-small:0px;--awb-margin-right-small:0px;--awb-margin-bottom-small:20px;--awb-margin-left-small:0px;\"><h2 class=\"fusion-title-heading title-heading-left fusion-responsive-typography-calculated\" style=\"margin:0;--fontSize:20;--minFontSize:20;line-height:1.5;\">International Organisations<\/h2><\/div><div class=\"fusion-image-carousel fusion-image-carousel-fixed fusion-image-carousel-1 fusion-carousel-border\"><div class=\"awb-carousel awb-swiper awb-swiper-carousel awb-carousel--carousel awb-swiper-dots-position-bottom\" data-layout=\"carousel\" data-autoplay=\"no\" data-autoplayspeed=\"2500\" data-autoplaypause=\"no\" data-columns=\"5\" data-columnsmedium=\"1\" data-columnssmall=\"1\" data-itemmargin=\"13\" data-itemwidth=\"180\" data-touchscroll=\"no\" data-freemode=\"no\" data-imagesize=\"fixed\" data-scrollitems=\"1\" data-centeredslides=\"no\" data-rotationangle=\"50\" data-depth=\"100\" data-speed=\"500\" data-shadow=\"no\" data-pagination=\"bullets\" style=\"--awb-border-width:1px;--awb-border-color:#e9eaee;\"><div class=\"swiper-wrapper awb-image-carousel-wrapper fusion-flex-align-items-center\"><div class=\"swiper-slide\"><div class=\"fusion-carousel-item-wrapper\"><div class=\"fusion-image-wrapper hover-type-none\"><img decoding=\"async\" width=\"160\" height=\"115\" src=\"https:\/\/mgtiroda.hu\/wp-content\/uploads\/ueg-160x115.jpg\" class=\"attachment-blog-medium size-blog-medium\" alt=\"\" \/><\/div><\/div><\/div><div class=\"swiper-slide\"><div class=\"fusion-carousel-item-wrapper\"><div class=\"fusion-image-wrapper hover-type-none\"><img decoding=\"async\" width=\"160\" height=\"115\" src=\"https:\/\/mgtiroda.hu\/wp-content\/uploads\/wgo-160x115.jpg\" class=\"attachment-blog-medium size-blog-medium\" alt=\"\" \/><\/div><\/div><\/div><div class=\"swiper-slide\"><div class=\"fusion-carousel-item-wrapper\"><div class=\"fusion-image-wrapper hover-type-none\"><img decoding=\"async\" width=\"160\" height=\"115\" src=\"https:\/\/mgtiroda.hu\/wp-content\/uploads\/ecco-160x115.jpg\" class=\"attachment-blog-medium size-blog-medium\" alt=\"\" \/><\/div><\/div><\/div><div class=\"swiper-slide\"><div class=\"fusion-carousel-item-wrapper\"><div class=\"fusion-image-wrapper hover-type-none\"><img decoding=\"async\" width=\"160\" height=\"115\" src=\"https:\/\/mgtiroda.hu\/wp-content\/uploads\/esge-160x115.jpg\" class=\"attachment-blog-medium size-blog-medium\" alt=\"\" \/><\/div><\/div><\/div><div class=\"swiper-slide\"><div class=\"fusion-carousel-item-wrapper\"><div class=\"fusion-image-wrapper hover-type-none\"><img decoding=\"async\" width=\"160\" height=\"115\" src=\"https:\/\/mgtiroda.hu\/wp-content\/uploads\/esgena-160x115.jpg\" class=\"attachment-blog-medium size-blog-medium\" alt=\"\" \/><\/div><\/div><\/div><div class=\"swiper-slide\"><div class=\"fusion-carousel-item-wrapper\"><div class=\"fusion-image-wrapper hover-type-none\"><img decoding=\"async\" width=\"160\" height=\"115\" src=\"https:\/\/mgtiroda.hu\/wp-content\/uploads\/aga-160x115.jpg\" class=\"attachment-blog-medium size-blog-medium\" alt=\"\" \/><\/div><\/div><\/div><div class=\"swiper-slide\"><div class=\"fusion-carousel-item-wrapper\"><div class=\"fusion-image-wrapper hover-type-none\"><img decoding=\"async\" width=\"160\" height=\"115\" src=\"https:\/\/mgtiroda.hu\/wp-content\/uploads\/acg-160x115.jpg\" class=\"attachment-blog-medium size-blog-medium\" alt=\"\" \/><\/div><\/div><\/div><\/div><div class=\"awb-swiper-button awb-swiper-button-prev\"><i class=\"awb-icon-angle-left\" aria-hidden=\"true\"><\/i><\/div><div class=\"awb-swiper-button awb-swiper-button-next\"><i class=\"awb-icon-angle-right\" aria-hidden=\"true\"><\/i><\/div><\/div><\/div><div class=\"fusion-clearfix\"><\/div><\/div><\/div><\/div><\/div>\n<\/p>","protected":false},"excerpt":{"rendered":"","protected":false},"author":1,"featured_media":0,"parent":69,"menu_order":0,"comment_status":"closed","ping_status":"closed","template":"100-width.php","meta":{"footnotes":""},"class_list":["post-12084","page","type-page","status-publish","hentry"],"_links":{"self":[{"href":"https:\/\/mgtiroda.hu\/en\/wp-json\/wp\/v2\/pages\/12084","targetHints":{"allow":["GET"]}}],"collection":[{"href":"https:\/\/mgtiroda.hu\/en\/wp-json\/wp\/v2\/pages"}],"about":[{"href":"https:\/\/mgtiroda.hu\/en\/wp-json\/wp\/v2\/types\/page"}],"author":[{"embeddable":true,"href":"https:\/\/mgtiroda.hu\/en\/wp-json\/wp\/v2\/users\/1"}],"replies":[{"embeddable":true,"href":"https:\/\/mgtiroda.hu\/en\/wp-json\/wp\/v2\/comments?post=12084"}],"version-history":[{"count":0,"href":"https:\/\/mgtiroda.hu\/en\/wp-json\/wp\/v2\/pages\/12084\/revisions"}],"up":[{"embeddable":true,"href":"https:\/\/mgtiroda.hu\/en\/wp-json\/wp\/v2\/pages\/69"}],"wp:attachment":[{"href":"https:\/\/mgtiroda.hu\/en\/wp-json\/wp\/v2\/media?parent=12084"}],"curies":[{"name":"wp","href":"https:\/\/api.w.org\/{rel}","templated":true}]}}