{"id":12312,"date":"2019-07-14T17:35:23","date_gmt":"2019-07-14T15:35:23","guid":{"rendered":"http:\/\/mgtiroda.hu\/?page_id=12312"},"modified":"2026-04-15T22:19:26","modified_gmt":"2026-04-15T20:19:26","slug":"szekciok-munkacsoportok","status":"publish","type":"page","link":"https:\/\/mgtiroda.hu\/en\/szekciok-munkacsoportok\/","title":{"rendered":"Szekci\u00f3k \/ Munkacsoportok"},"content":{"rendered":"<p><div class=\"fusion-fullwidth fullwidth-box fusion-builder-row-1 nonhundred-percent-fullwidth non-hundred-percent-height-scrolling\" style=\"--awb-border-radius-top-left:0px;--awb-border-radius-top-right:0px;--awb-border-radius-bottom-right:0px;--awb-border-radius-bottom-left:0px;--awb-flex-wrap:wrap;\" ><div class=\"fusion-builder-row fusion-row\"><div class=\"fusion-layout-column fusion_builder_column fusion-builder-column-0 fusion_builder_column_2_3 2_3 fusion-two-third fusion-column-first\" style=\"--awb-padding-right:30px;--awb-bg-size:cover;--awb-border-color:#3b9bcc;--awb-border-right:2px;--awb-border-style:dotted;--awb-margin-bottom:0px;width:65.3333%; margin-right: 4%;\"><div class=\"fusion-column-wrapper fusion-column-has-shadow fusion-flex-column-wrapper-legacy\"><ul style=\"--awb-line-height:23.8px;--awb-icon-width:23.8px;--awb-icon-height:23.8px;--awb-icon-margin:9.8px;--awb-content-margin:33.6px;--awb-circlecolor:#3b9bcc;--awb-circle-yes-font-size:12.32px;\" class=\"fusion-checklist fusion-checklist-1 fusion-checklist-default fusion-checklist-divider type-icons\"><li class=\"fusion-li-item\" style=\"\"><span class=\"icon-wrapper circle-yes\"><i class=\"fusion-li-icon fa-sitemap fas\" aria-hidden=\"true\"><\/i><\/span><div class=\"fusion-li-item-content\">\n<p><strong>Colon Szekci\u00f3<\/strong><\/p>\n<p><span style=\"text-decoration: underline;\">Eln\u00f6k:<\/span> Dr. Farkas Klaudia<br \/>\n<span style=\"text-decoration: underline;\">Lek\u00f6sz\u00f6n\u0151 eln\u00f6k<\/span>: Dr. Gurz\u00f3 Zolt\u00e1n<br \/>\n<span style=\"text-decoration: underline;\">J\u00f6v\u0151beni eln\u00f6k<\/span>: Dr. Sarl\u00f3s Patr\u00edcia<br \/>\n<span style=\"text-decoration: underline;\">Vezet\u0151s\u00e9gi tagok<\/span>: Dr Ili\u00e1s \u00c1kos, Dr. Miheller P\u00e1l, Dr. Sarang Krisztina, Dr. Szamosi Tam\u00e1s<br \/>\nHonlap: <a href=\"http:\/\/www.mgtcolon.hu\" target=\"_blank\" rel=\"noopener noreferrer\">www.mgtcolon.hu<\/a><\/p>\n<p style=\"text-align: right;\">(2025.11.11)<\/p>\n<\/div><\/li><li class=\"fusion-li-item\" style=\"\"><span class=\"icon-wrapper circle-yes\"><i class=\"fusion-li-icon fa-sitemap fas\" aria-hidden=\"true\"><\/i><\/span><div class=\"fusion-li-item-content\">\n<p><strong>Csal\u00e1dorvosi Szekci\u00f3<\/strong><\/p>\n<p><span style=\"text-decoration: underline;\">Eln\u00f6k<\/span>: Dr. B\u00e1lint Levente<\/p>\n<\/div><\/li><li class=\"fusion-li-item\" style=\"\"><span class=\"icon-wrapper circle-yes\"><i class=\"fusion-li-icon fa-sitemap fas\" aria-hidden=\"true\"><\/i><\/span><div class=\"fusion-li-item-content\">\n<p><strong>Endoszk\u00f3pos Asszisztensi Szekci\u00f3<\/strong><\/p>\n<p><span style=\"text-decoration: underline;\">Eln\u00f6k<\/span>: Bacskain\u00e9 Beluzs\u00e1r Adrienn (Miskolc)<br \/>\n<span style=\"text-decoration: underline;\">Volt eln\u00f6k<\/span>: Paulovicsn\u00e9 Kiss Melinda (P\u00e9cs)<br \/>\n<span style=\"text-decoration: underline;\">F\u0151titk\u00e1r<\/span>: Langhammer Szilvia (P\u00e9cs)<br \/>\n<span style=\"text-decoration: underline;\">Vezet\u0151s\u00e9gi Tagok<\/span>: Balogh Erika (Gyula), Geiger Erzs\u00e9bet (Budapest),\u00a0Mogyor\u00f3sin\u00e9 Medgyesi Erzs\u00e9bet (Miskolc),\u00a0Pappn\u00e9 Szerdahelyi Erika (Kisv\u00e1rda), Szab\u00f3 \u00c1gnes (Szeged),\u00a0Tari Krisztina (Budapest),\u00a0T\u00f3th Andrea (Budapest),\u00a0Varga \u00c9va M\u00e1ria (Budapest)<br \/>\nHonlap: <a href=\"https:\/\/www.giendoscopynurse.hu\/\" target=\"_blank\" rel=\"noopener noreferrer\">www.giendoscopynurse.hu<\/a><\/p>\n<p style=\"text-align: right;\">(2026.01.22)<\/p>\n<\/div><\/li><li class=\"fusion-li-item\" style=\"\"><span class=\"icon-wrapper circle-yes\"><i class=\"fusion-li-icon fa-sitemap fas\" aria-hidden=\"true\"><\/i><\/span><div class=\"fusion-li-item-content\">\n<p><strong>Endoszk\u00f3pos Szekci\u00f3<\/strong><\/p>\n<p><span style=\"text-decoration: underline;\">Eln\u00f6k<\/span>: Dr. Mad\u00e1csy L\u00e1szl\u00f3<br \/>\n<span style=\"text-decoration: underline;\">Lek\u00f6sz\u00f6n\u0151 eln\u00f6k<\/span>: Dr. Czak\u00f3 L\u00e1szl\u00f3<br \/>\n<span style=\"text-decoration: underline;\">Leeend\u0151 eln\u00f6k<\/span>: Dr. Hritz Istv\u00e1n<br \/>\n<span style=\"text-decoration: underline;\">Titk\u00e1r<\/span>: Dr. Dubravcsik Zsolt<br \/>\n<span style=\"text-decoration: underline;\">Vezet\u0151s\u00e9gi tagok<\/span>: Dr. Gy\u00f6keres Tibor, Dr. Vincze \u00c1ron, Dr. Szepes Zolt\u00e1n<br \/>\nHonlap: <a href=\"http:\/\/www.endoszkopos-szekcio.hu\/\" target=\"_blank\" rel=\"noopener noreferrer\">www.endoszkopos-szekcio.hu<\/a><\/p>\n<p style=\"text-align: right;\">(2024.04.18)<\/p>\n<\/div><\/li><li class=\"fusion-li-item\" style=\"\"><span class=\"icon-wrapper circle-yes\"><i class=\"fusion-li-icon fa-sitemap fas\" aria-hidden=\"true\"><\/i><\/span><div class=\"fusion-li-item-content\">\n<p><strong>Endoszk\u00f3pos Ultrahang Szekci\u00f3<\/strong><\/p>\n<p><span style=\"text-decoration: underline;\">Eln\u00f6k<\/span>: Dr. Szmola Rich\u00e1rd<br \/>\n<span style=\"text-decoration: underline;\">Volt eln\u00f6k<\/span>: Dr. Szmola Rich\u00e1rd<br \/>\n<span style=\"text-decoration: underline;\">Titk\u00e1r<\/span>: Dr. Bakucz Tam\u00e1s<br \/>\n<span style=\"text-decoration: underline;\">Vezet\u0151s\u00e9gi tagok<\/span>: Dr. Czak\u00f3 L\u00e1szl\u00f3,\u00a0Dr. Dubravcsik Zsolt,\u00a0Dr. Crai Stefan Adrian<br \/>\nHonlap: <a href=\"http:\/\/www.euh.hu\/\" target=\"_blank\" rel=\"noopener noreferrer\">www.euh.hu<\/a><\/p>\n<p style=\"text-align: right;\">(2026.04.09)<\/p>\n<\/div><\/li><li class=\"fusion-li-item\" style=\"\"><span class=\"icon-wrapper circle-yes\"><i class=\"fusion-li-icon fa-sitemap fas\" aria-hidden=\"true\"><\/i><\/span><div class=\"fusion-li-item-content\">\n<p><strong>FIGAMU (Fiatal Gasztroenterol\u00f3gusok Munkacsoportja)<\/strong><\/p>\n<p><span style=\"text-decoration: underline;\">Eln\u00f6k<\/span>: Dr. Ill\u00e9s D\u00f3ra<span style=\"text-decoration: underline;\"><br \/>\nTitk\u00e1r<\/span>: Dr. Lov\u00e1sz Barbara<span style=\"text-decoration: underline;\"><br \/>\nVezet\u0151s\u00e9g<\/span>: Dr. Andr\u00e1si P\u00e9ter, Dr. B\u00e9res N\u00f3ra Judit, Dr. B\u0151sze Zs\u00f3fia, Dr. Golovics Petra, Dr. L\u00e1z\u00e1r Bal\u00e1zs<br \/>\nHonlap: <a href=\"https:\/\/www.figamu.com\/\" target=\"_blank\" rel=\"noopener noreferrer\">www.figamu.com<\/a><\/p>\n<p>(2026.04.10)<\/p>\n<\/div><\/li><li class=\"fusion-li-item\" style=\"\"><span class=\"icon-wrapper circle-yes\"><i class=\"fusion-li-icon fa-sitemap fas\" aria-hidden=\"true\"><\/i><\/span><div class=\"fusion-li-item-content\">\n<p><strong>Gyermek Gasztroenterol\u00f3giai Szekci\u00f3<\/strong><\/p>\n<p><span style=\"text-decoration: underline;\">Eln\u00f6k<\/span>: Dr. Arat\u00f3 Andr\u00e1s<br \/>\n<span style=\"text-decoration: underline;\">Volt eln\u00f6k<\/span>: Dr. V\u00e1rkonyi \u00c1gnes<br \/>\n<span style=\"text-decoration: underline;\">F\u0151titk\u00e1r<\/span>: Dr. Korponay-Szab\u00f3 Ilma<br \/>\n<span style=\"text-decoration: underline;\">Titk\u00e1r<\/span>: Dr. Balogh M\u00e1rta<br \/>\n<span style=\"text-decoration: underline;\">Vezet\u0151s\u00e9gi tagok<\/span>: Dr. B. Kov\u00e1cs Judit, Dr. Dezs\u0151fi Antal, Dr. G\u00e1rdos L\u00e1szl\u00f3, Dr. Micskey \u00c9va, Dr. S\u00f3lyom Enik\u0151, Dr. Sz\u0151nyi L\u00e1szl\u00f3, Dr. T\u00e1rnok Andr\u00e1s<br \/>\n<span style=\"text-decoration: underline;\">Tiszteletbeli vezet\u0151s\u00e9gi tagok<\/span>: Dr. Bod\u00e1nszky Hedvig, Dr. K\u00f3snai Istv\u00e1n, Dr. Polg\u00e1r Mariann<br \/>\n<span style=\"text-decoration: underline;\">Gyermek-hepatol\u00f3giai Bizotts\u00e1g vezet\u0151je<\/span>: Dr. Sz\u0151nyi L\u00e1szl\u00f3<br \/>\n<span style=\"text-decoration: underline;\">Gyermek-endoszk\u00f3pos Bizotts\u00e1g vezet\u0151je<\/span>: Dr. Schultz K\u00e1roly<br \/>\n<span style=\"text-decoration: underline;\">T\u00e1pl\u00e1lkoz\u00e1si Bizotts\u00e1g vezet\u0151je<\/span>: Dr. Decsi Tam\u00e1s<\/p>\n<\/div><\/li><li class=\"fusion-li-item\" style=\"\"><span class=\"icon-wrapper circle-yes\"><i class=\"fusion-li-icon fa-sitemap fas\" aria-hidden=\"true\"><\/i><\/span><div class=\"fusion-li-item-content\">\n<p><strong>Helicobacter Pylori Munkacsoport<\/strong><\/p>\n<p><span style=\"text-decoration: underline;\">Koordin\u00e1tor<\/span>: Dr. R\u00e1cz Istv\u00e1n<br \/>\n<span style=\"text-decoration: underline;\">Tagok<\/span>: Dr. Bajtai Attila, Dr. Lonovits J\u00e1nos, Dr. Papp J\u00e1nos, Dr. Tulassay Zsolt<\/p>\n<\/div><\/li><li class=\"fusion-li-item\" style=\"\"><span class=\"icon-wrapper circle-yes\"><i class=\"fusion-li-icon fa-sitemap fas\" aria-hidden=\"true\"><\/i><\/span><div class=\"fusion-li-item-content\">\n<p><strong>Hepatol\u00f3giai Szekci\u00f3<\/strong><strong><br \/>\n<\/strong><\/p>\n<p><span style=\"text-decoration: underline;\">Eln\u00f6k<\/span>: Dr. Papp M\u00e1ria<br \/>\n<span style=\"text-decoration: underline;\">Titk\u00e1r<\/span>: Dr. P\u00e1r Gabriella<br \/>\n<span style=\"text-decoration: underline;\">Vezet\u0151s\u00e9gi tagok<\/span>: Dr. Gerlei Zsuzsanna, Dr. Gervain Judit, Dr. Horv\u00e1th G\u00e1bor, Dr. Hunyady B\u00e9la, Dr. Kiss Andr\u00e1s, Dr. Lombay B\u00e9la, Dr. Makara Mih\u00e1ly, Dr. Schuller J\u00e1nos<br \/>\n<span style=\"text-decoration: underline;\">Tiszteletbeli vezet\u0151s\u00e9gi tagok<\/span>: Dr. Lengyel Gabriella, Dr. P\u00e1r Alajos, Dr. R\u00f3kusz L\u00e1szl\u00f3, Dr. Szalay Ferenc (tiszteletbeli eln\u00f6k), Dr. Tornai Istv\u00e1n, Dr. Werling Kl\u00e1ra<br \/>\nHonlap: <a href=\"https:\/\/hepatologiaszekcio.hu\/\" target=\"_blank\" rel=\"noopener\">hepatologiaszekcio.hu<\/a><\/p>\n<p style=\"text-align: right;\">(2025.09.05.)<\/p>\n<\/div><\/li><li class=\"fusion-li-item\" style=\"\"><span class=\"icon-wrapper circle-yes\"><i class=\"fusion-li-icon fa-sitemap fas\" aria-hidden=\"true\"><\/i><\/span><div class=\"fusion-li-item-content\">\n<p><strong>Kapszul\u00e1s Endoszk\u00f3pos Munkacsoport<\/strong><\/p>\n<p><span style=\"text-decoration: underline;\">Eln\u00f6k<\/span>: Dr. R\u00e1cz Istv\u00e1n<br \/>\n<span style=\"text-decoration: underline;\">Tagok<\/span>: Dr. Kov\u00e1cs M\u00e1rta, Dr. Hunyady B\u00e9la, Dr. Mad\u00e1csy L\u00e1szl\u00f3, Dr. D\u00f6br\u00f6nte Zolt\u00e1n, Dr. P\u00e1k G\u00e1bor<\/p>\n<\/div><\/li><li class=\"fusion-li-item\" style=\"\"><span class=\"icon-wrapper circle-yes\"><i class=\"fusion-li-icon fa-sitemap fas\" aria-hidden=\"true\"><\/i><\/span><div class=\"fusion-li-item-content\">\n<p><strong>Kutat\u00f3i F\u00f3rum<\/strong><\/p>\n<p><span style=\"text-decoration: underline;\">Eln\u00f6k<\/span>: Dr. Moln\u00e1r B\u00e9la<br \/>\n<span style=\"text-decoration: underline;\">J\u00f6v\u0151beni eln\u00f6k<\/span>: ifj. Dr. Rakonczay Zolt\u00e1n<br \/>\n<span style=\"text-decoration: underline;\">Volt eln\u00f6k<\/span>: Dr. Varga G\u00e1bor<br \/>\n<span style=\"text-decoration: underline;\">Vezt\u0151s\u00e9gi tagok<\/span>: Dr. Hegyi Eszter, Dr. Mal\u00e9th J\u00f3zsef, Dr. Z\u00e1dori Zolt\u00e1n<\/p>\n<\/div><\/li><li class=\"fusion-li-item\" style=\"\"><span class=\"icon-wrapper circle-yes\"><i class=\"fusion-li-icon fa-sitemap fas\" aria-hidden=\"true\"><\/i><\/span><div class=\"fusion-li-item-content\">\n<p><strong>Motilit\u00e1s Szekci\u00f3<\/strong><\/p>\n<p><span style=\"text-decoration: underline;\">Eln\u00f6k<\/span>: Dr. Roszt\u00f3czy Andr\u00e1s<br \/>\n<span style=\"text-decoration: underline;\">Titk\u00e1r<\/span>: Dr. Czimmer J\u00f3zsef<\/p>\n<\/div><\/li><li class=\"fusion-li-item\" style=\"\"><span class=\"icon-wrapper circle-yes\"><i class=\"fusion-li-icon fa-sitemap fas\" aria-hidden=\"true\"><\/i><\/span><div class=\"fusion-li-item-content\">\n<p><strong>Onkol\u00f3giai Szekci\u00f3<\/strong><\/p>\n<p><span style=\"text-decoration: underline;\">Eln\u00f6k<\/span>: Dr. Schwab Rich\u00e1rd<br \/>\n<span style=\"text-decoration: underline;\">F\u0151titk\u00e1r<\/span>: Dr. Tihanyi Bal\u00e1zs<\/p>\n<\/div><\/li><li class=\"fusion-li-item\" style=\"\"><span class=\"icon-wrapper circle-yes\"><i class=\"fusion-li-icon fa-sitemap fas\" aria-hidden=\"true\"><\/i><\/span><div class=\"fusion-li-item-content\">\n<p><strong>Pancreas Szekci\u00f3<\/strong><\/p>\n<p><span style=\"text-decoration: underline;\">Eln\u00f6k<\/span>: Dr. Er\u0151ss B\u00e1lint<br \/>\n<span style=\"text-decoration: underline;\">Volt eln\u00f6k<\/span>: Dr. Czak\u00f3 L\u00e1sz\u00f3<br \/>\n<span style=\"text-decoration: underline;\">Titk\u00e1r<\/span>: Dr. Dobszai Dalma<br \/>\n<span style=\"text-decoration: underline;\">Vezet\u0151s\u00e9gi tagok<\/span>: Dr. Izb\u00e9ki Ferenc, Dr. Papp M\u00e1ria, Dr. Sz\u00fccs \u00c1kos, Dr. P\u00e1rniczky Andrea, Dr. N\u00e9meth Bal\u00e1zs, Dr. Hamvas J\u00f3zsef<br \/>\n<span style=\"text-decoration: underline;\">Tiszteletbeli eln\u00f6k\u00f6k<\/span>: Dr. Pap \u00c1kos, Dr. Hegyi P\u00e9ter<\/p>\n<\/div><\/li><li class=\"fusion-li-item\" style=\"\"><span class=\"icon-wrapper circle-yes\"><i class=\"fusion-li-icon fa-sitemap fas\" aria-hidden=\"true\"><\/i><\/span><div class=\"fusion-li-item-content\">\n<p><strong>Praxis Management \u00c9s Finansz\u00edroz\u00e1s Munkacsoport<\/strong><\/p>\n<p><span style=\"text-decoration: underline;\">Vezet\u0151s\u00e9gi tagok<\/span>: Dr. Pap \u00c1kos, Dr. G. Kiss Gyula, Dr. Demeter P\u00e1l, Dr. Gurz\u00f3 Zolt\u00e1n<\/p>\n<p>A szekci\u00f3 2019-ben \u00e1talakult. \u00daj neve <strong>E\u00fc. gazdas\u00e1gtani \u00e9s finansz\u00edroz\u00e1si munkacsoport<\/strong><\/p>\n<\/div><\/li><li class=\"fusion-li-item\" style=\"\"><span class=\"icon-wrapper circle-yes\"><i class=\"fusion-li-icon fa-sitemap fas\" aria-hidden=\"true\"><\/i><\/span><div class=\"fusion-li-item-content\">\n<p><strong>E\u00fc. gazdas\u00e1gtani \u00e9s finansz\u00edroz\u00e1si munkacsoport<\/strong><\/p>\n<p><span style=\"text-decoration: underline;\">Tagok<\/span>: Dr. M\u00fcller Katalin, Dr. Szepes Zolt\u00e1n, Dr. Szamosi Tam\u00e1s, Dr. D\u00e1vid Gyula, Dr, Gurz\u00f3 Zolt\u00e1n<\/p>\n<p>A szekci\u00f3 2019-ben\u00a0 a\u00a0 Finansz\u00edr\u00f3z\u00e1si munkacsoportb\u00f3l alakult.<\/p>\n<\/div><\/li><li class=\"fusion-li-item\" style=\"\"><span class=\"icon-wrapper circle-yes\"><i class=\"fusion-li-icon fa-sitemap fas\" aria-hidden=\"true\"><\/i><\/span><div class=\"fusion-li-item-content\">\n<p><strong>Seb\u00e9szeti Szekci\u00f3<\/strong><\/p>\n<p><span style=\"text-decoration: underline;\">Eln\u00f6k<\/span>: Dr. Kupcsulik P\u00e9ter<br \/>\n<span style=\"text-decoration: underline;\">F\u0151titk\u00e1r<\/span>: Dr. Tihanyi Tibor<\/p>\n<\/div><\/li><li class=\"fusion-li-item\" style=\"\"><span class=\"icon-wrapper circle-yes\"><i class=\"fusion-li-icon fa-sitemap fas\" aria-hidden=\"true\"><\/i><\/span><div class=\"fusion-li-item-content\">\n<p><strong>T\u00e1pl\u00e1lkoz\u00e1studom\u00e1nyi \u00c9s Dietetikai Szekci\u00f3<\/strong><\/p>\n<p><span style=\"text-decoration: underline;\">Eln\u00f6k<\/span>: Dr. Figler M\u00e1ria<br \/>\n<span style=\"text-decoration: underline;\">Titk\u00e1r<\/span>: Kub\u00e1nyi Jol\u00e1n<\/p>\n<\/div><\/li><li class=\"fusion-li-item\" style=\"\"><span class=\"icon-wrapper circle-yes\"><i class=\"fusion-li-icon fa-sitemap fas\" aria-hidden=\"true\"><\/i><\/span><div class=\"fusion-li-item-content\">\n<p><strong>Ultrahang Szekci\u00f3<\/strong><\/p>\n<p><span style=\"text-decoration: underline;\">Eln\u00f6k<\/span>: Dr. Sz\u00e9kely Gy\u00f6rgy<br \/>\n<span style=\"text-decoration: underline;\">F\u0151titk\u00e1r<\/span>: Dr. Gervain Judit<br \/>\n<span style=\"text-decoration: underline;\">Titk\u00e1r<\/span>: Dr. Winternitz Tam\u00e1s<br \/>\n<span style=\"text-decoration: underline;\">Vezet\u0151s\u00e9gi tagok<\/span>: Dr. Baricza Sarolta, Dr. Nagy Ferenc, Dr. Szilv\u00e1s \u00c1gnes, Dr. Vadnai Mariann, Dr. Varga Erika<\/p>\n<\/div><\/li><\/ul><div class=\"fusion-clearfix\"><\/div><\/div><\/div><div class=\"fusion-layout-column fusion_builder_column fusion-builder-column-1 fusion_builder_column_1_3 1_3 fusion-one-third fusion-column-last\" style=\"--awb-bg-size:cover;--awb-border-color:#3b9bcc;--awb-border-left:0;--awb-border-style:dotted;width:30.6666%;\"><div class=\"fusion-column-wrapper fusion-column-has-shadow fusion-flex-column-wrapper-legacy\"><div class=\"fusion-title title fusion-title-1 sep-underline sep-dotted fusion-title-text fusion-title-size-two\" style=\"--awb-margin-bottom:0px;--awb-margin-top-small:0px;--awb-margin-right-small:0px;--awb-margin-bottom-small:20px;--awb-margin-left-small:0px;\"><h2 class=\"fusion-title-heading title-heading-left fusion-responsive-typography-calculated\" style=\"margin:0;--fontSize:20;--minFontSize:20;line-height:1.5;\">Az MGT szekci\u00f3k honlapjai<\/h2><\/div><div class=\"fusion-flip-boxes flip-boxes row fusion-columns-1 flip-effect-classic\"><div class=\"fusion-flip-box-wrapper fusion-column col-lg-12 col-md-12 col-sm-12\"><div class=\"fusion-flip-box flip-right fusion-animated\" tabindex=\"0\" data-animationtype=\"fadeInLeft\" data-animationduration=\"0.1\" data-animationoffset=\"top-into-view\"><div class=\"flip-box-inner-wrapper\"><div class=\"flip-box-front\"><div class=\"flip-box-front-inner\"><h2 class=\"flip-box-heading\">Colon Szekci\u00f3<\/h2>http:\/\/www.mgtcolon.hu\/<\/div><\/div><div class=\"flip-box-back\" style=\"--awb-background-color-back:#359ace;\"><div class=\"flip-box-back-inner\"><h3 class=\"flip-box-heading-back\">Colon Szekci\u00f3<\/h3>\n<p><a href=\"http:\/\/www.mgtcolon.hu\/\" target=\"_blank\" rel=\"noopener noreferrer\"><img decoding=\"async\" class=\"alignnone size-full wp-image-11892\" src=\"http:\/\/mgtiroda.hu\/wp-content\/uploads\/mgt-colon-logo.jpg\" alt=\"MGT Colon Szekci\u00f3 logo\" width=\"300\" height=\"80\" srcset=\"https:\/\/mgtiroda.hu\/wp-content\/uploads\/mgt-colon-logo-200x53.jpg 200w, https:\/\/mgtiroda.hu\/wp-content\/uploads\/mgt-colon-logo.jpg 300w\" sizes=\"(max-width: 300px) 100vw, 300px\" \/><\/a><\/p>\n<\/div><\/div><\/div><\/div><\/div><div class=\"fusion-flip-box-wrapper fusion-column col-lg-12 col-md-12 col-sm-12\"><div class=\"fusion-flip-box flip-right fusion-animated\" tabindex=\"0\" data-animationtype=\"fadeInLeft\" data-animationduration=\"0.1\" data-animationoffset=\"top-into-view\"><div class=\"flip-box-inner-wrapper\"><div class=\"flip-box-front\"><div class=\"flip-box-front-inner\"><h2 class=\"flip-box-heading\">Endoszk\u00f3pos Asszisztensi Szekci\u00f3<\/h2>www.giendoscopynurse.hu<\/div><\/div><div class=\"flip-box-back\" style=\"--awb-background-color-back:#359ace;\"><div class=\"flip-box-back-inner\"><h3 class=\"flip-box-heading-back\">Endoszk\u00f3pos Asszisztensi Szekci\u00f3<\/h3>\n<p><a href=\"http:\/\/www.giendoscopynurse.hu\" target=\"_blank\" rel=\"noopener noreferrer\"><img decoding=\"async\" class=\"alignnone size-full wp-image-11872\" src=\"http:\/\/mgtiroda.hu\/wp-content\/uploads\/mgt-assz-szekcio-logo.jpg\" alt=\"MGT Asszisztensi szekci\u00f3 logo\" width=\"130\" height=\"164\" \/><\/a><\/p>\n<\/div><\/div><\/div><\/div><\/div><div class=\"fusion-flip-box-wrapper fusion-column col-lg-12 col-md-12 col-sm-12\"><div class=\"fusion-flip-box flip-right fusion-animated\" tabindex=\"0\" data-animationtype=\"fadeInLeft\" data-animationduration=\"0.1\" data-animationoffset=\"top-into-view\"><div class=\"flip-box-inner-wrapper\"><div class=\"flip-box-front\"><div class=\"flip-box-front-inner\"><h2 class=\"flip-box-heading\">Endoszk\u00f3pos Szekci\u00f3<\/h2>www.endoszkopos-szekcio.hu<\/div><\/div><div class=\"flip-box-back\" style=\"--awb-background-color-back:#359ace;\"><div class=\"flip-box-back-inner\"><h3 class=\"flip-box-heading-back\">Endoszk\u00f3pos Szekci\u00f3<\/h3>\n<p><a href=\"http:\/\/www.endoszkopos-szekcio.hu\/\" target=\"_blank\" rel=\"noopener noreferrer\"><img decoding=\"async\" class=\"alignnone size-full wp-image-11888\" src=\"http:\/\/mgtiroda.hu\/wp-content\/uploads\/mgt-endoszkopos-szekcio-logo.png\" alt=\"MGT Endoszk\u00f3pos Szekci\u00f3 logo\" width=\"145\" height=\"113\" \/><\/a><\/p>\n<\/div><\/div><\/div><\/div><\/div><div class=\"fusion-flip-box-wrapper fusion-column col-lg-12 col-md-12 col-sm-12\"><div class=\"fusion-flip-box flip-right fusion-animated\" tabindex=\"0\" data-animationtype=\"fadeInLeft\" data-animationduration=\"0.1\" data-animationoffset=\"top-into-view\"><div class=\"flip-box-inner-wrapper\"><div class=\"flip-box-front\"><div class=\"flip-box-front-inner\"><h2 class=\"flip-box-heading\">Endoszk\u00f3pos Ultrahang Szekci\u00f3<\/h2>www.euh.hu<\/div><\/div><div class=\"flip-box-back\" style=\"--awb-background-color-back:#359ace;\"><div class=\"flip-box-back-inner\"><h3 class=\"flip-box-heading-back\">Endoszk\u00f3pos Ultrahang Szekci\u00f3<\/h3>\n<p><a href=\"http:\/\/www.euh.hu\/\" target=\"_blank\" rel=\"noopener noreferrer\"><img decoding=\"async\" class=\"alignnone wp-image-12330\" src=\"http:\/\/mgtiroda.hu\/wp-content\/uploads\/euh-club.png\" alt=\"\" width=\"122\" height=\"123\" srcset=\"https:\/\/mgtiroda.hu\/wp-content\/uploads\/euh-club-66x66.png 66w, https:\/\/mgtiroda.hu\/wp-content\/uploads\/euh-club-150x150.png 150w, https:\/\/mgtiroda.hu\/wp-content\/uploads\/euh-club-200x201.png 200w, https:\/\/mgtiroda.hu\/wp-content\/uploads\/euh-club.png 204w\" sizes=\"(max-width: 122px) 100vw, 122px\" \/><\/a><\/p>\n<\/div><\/div><\/div><\/div><\/div><div class=\"fusion-flip-box-wrapper fusion-column col-lg-12 col-md-12 col-sm-12\"><div class=\"fusion-flip-box flip-right fusion-animated\" tabindex=\"0\" data-animationtype=\"fadeInLeft\" data-animationduration=\"0.1\" data-animationoffset=\"top-into-view\"><div class=\"flip-box-inner-wrapper\"><div class=\"flip-box-front\"><div class=\"flip-box-front-inner\"><h2 class=\"flip-box-heading\">FIGAMU<\/h2>www.figamu.com<\/div><\/div><div class=\"flip-box-back\" style=\"--awb-background-color-back:#359ace;\"><div class=\"flip-box-back-inner\"><h3 class=\"flip-box-heading-back\">Fiatal Gasztroenterol\u00f3gusok Munkacsoportja<\/h3>\n<p><a href=\"https:\/\/www.figamu.com\/\" target=\"_blank\" rel=\"noopener noreferrer\"><img decoding=\"async\" class=\"alignnone wp-image-12327\" src=\"http:\/\/mgtiroda.hu\/wp-content\/uploads\/figamu-logo-2.png\" alt=\"FIGAMU\" width=\"108\" height=\"142\" \/><\/a><\/p>\n<\/div><\/div><\/div><\/div><\/div><div class=\"fusion-flip-box-wrapper fusion-column col-lg-12 col-md-12 col-sm-12\"><div class=\"fusion-flip-box flip-right fusion-animated\" tabindex=\"0\" data-animationtype=\"fadeInLeft\" data-animationduration=\"0.1\" data-animationoffset=\"top-into-view\"><div class=\"flip-box-inner-wrapper\"><div class=\"flip-box-front\"><div class=\"flip-box-front-inner\"><h2 class=\"flip-box-heading\">Hepatol\u00f3gia Szekci\u00f3<\/h2>hepatologiaszekcio.hu<\/div><\/div><div class=\"flip-box-back\" style=\"--awb-background-color-back:#359ace;\"><div class=\"flip-box-back-inner\"><h3 class=\"flip-box-heading-back\">Hepatol\u00f3gia Szekci\u00f3<\/h3>\n<p><a href=\"https:\/\/hepatologiaszekcio.hu\/\" target=\"_blank\" rel=\"noopener\"><img decoding=\"async\" class=\"alignnone size-medium wp-image-13202\" src=\"https:\/\/mgtiroda.hu\/wp-content\/uploads\/hepatologia-szekcio-logo-300x69.png\" alt=\"Hepatol\u00f3gia Szekci\u00f3 log\u00f3\" width=\"300\" height=\"69\" srcset=\"https:\/\/mgtiroda.hu\/wp-content\/uploads\/hepatologia-szekcio-logo-18x4.png 18w, https:\/\/mgtiroda.hu\/wp-content\/uploads\/hepatologia-szekcio-logo-200x46.png 200w, https:\/\/mgtiroda.hu\/wp-content\/uploads\/hepatologia-szekcio-logo-300x69.png 300w, https:\/\/mgtiroda.hu\/wp-content\/uploads\/hepatologia-szekcio-logo-400x92.png 400w, https:\/\/mgtiroda.hu\/wp-content\/uploads\/hepatologia-szekcio-logo-600x138.png 600w, https:\/\/mgtiroda.hu\/wp-content\/uploads\/hepatologia-szekcio-logo-768x177.png 768w, https:\/\/mgtiroda.hu\/wp-content\/uploads\/hepatologia-szekcio-logo-800x184.png 800w, https:\/\/mgtiroda.hu\/wp-content\/uploads\/hepatologia-szekcio-logo.png 1018w\" sizes=\"(max-width: 300px) 100vw, 300px\" \/><\/a><\/p>\n<\/div><\/div><\/div><\/div><\/div><\/div><div class=\"clearfix\"><\/div><div class=\"fusion-section-separator section-separator triangle fusion-section-separator-1\" style=\"--awb-border-top:1px solid #f6f6f6;--awb-spacer-height:1px;--awb-svg-margin-left:0;--awb-svg-margin-right:0;--awb-icon-color:#ffffff;\"><div class=\"fusion-section-separator-svg\"><div class=\"divider-candy-arrow top\" style=\"bottom:0px;border-bottom-color: #f6f6f6;\"><\/div><div class=\"divider-candy top\" style=\"top:-21px;border-bottom:1px solid #f6f6f6;border-left:1px solid #f6f6f6;\"><\/div><\/div><div class=\"fusion-section-separator-spacer\"><div class=\"fusion-section-separator-spacer-height\"><\/div><\/div><\/div><div class=\"fusion-clearfix\"><\/div><\/div><\/div><\/div><\/div><div class=\"fusion-fullwidth fullwidth-box fusion-builder-row-2 nonhundred-percent-fullwidth non-hundred-percent-height-scrolling\" style=\"--awb-border-radius-top-left:0px;--awb-border-radius-top-right:0px;--awb-border-radius-bottom-right:0px;--awb-border-radius-bottom-left:0px;--awb-margin-top:20px;--awb-flex-wrap:wrap;\" ><div class=\"fusion-builder-row fusion-row\"><\/div><\/div><\/p>","protected":false},"excerpt":{"rendered":"","protected":false},"author":1,"featured_media":0,"parent":0,"menu_order":0,"comment_status":"closed","ping_status":"closed","template":"100-width.php","meta":{"footnotes":""},"class_list":["post-12312","page","type-page","status-publish","hentry"],"_links":{"self":[{"href":"https:\/\/mgtiroda.hu\/en\/wp-json\/wp\/v2\/pages\/12312","targetHints":{"allow":["GET"]}}],"collection":[{"href":"https:\/\/mgtiroda.hu\/en\/wp-json\/wp\/v2\/pages"}],"about":[{"href":"https:\/\/mgtiroda.hu\/en\/wp-json\/wp\/v2\/types\/page"}],"author":[{"embeddable":true,"href":"https:\/\/mgtiroda.hu\/en\/wp-json\/wp\/v2\/users\/1"}],"replies":[{"embeddable":true,"href":"https:\/\/mgtiroda.hu\/en\/wp-json\/wp\/v2\/comments?post=12312"}],"version-history":[{"count":14,"href":"https:\/\/mgtiroda.hu\/en\/wp-json\/wp\/v2\/pages\/12312\/revisions"}],"predecessor-version":[{"id":13203,"href":"https:\/\/mgtiroda.hu\/en\/wp-json\/wp\/v2\/pages\/12312\/revisions\/13203"}],"wp:attachment":[{"href":"https:\/\/mgtiroda.hu\/en\/wp-json\/wp\/v2\/media?parent=12312"}],"curies":[{"name":"wp","href":"https:\/\/api.w.org\/{rel}","templated":true}]}}