{"id":12349,"date":"2019-07-14T19:51:05","date_gmt":"2019-07-14T17:51:05","guid":{"rendered":"http:\/\/mgtiroda.hu\/?page_id=12349"},"modified":"2026-01-12T23:19:49","modified_gmt":"2026-01-12T22:19:49","slug":"magyar-imre-dij-palyazat","status":"publish","type":"page","link":"https:\/\/mgtiroda.hu\/en\/palyazatok\/magyar-imre-dij-palyazat\/","title":{"rendered":"Magyar Imre d\u00edj p\u00e1ly\u00e1zat"},"content":{"rendered":"<div class=\"fusion-fullwidth fullwidth-box fusion-builder-row-1 nonhundred-percent-fullwidth non-hundred-percent-height-scrolling\" style=\"--awb-border-radius-top-left:0px;--awb-border-radius-top-right:0px;--awb-border-radius-bottom-right:0px;--awb-border-radius-bottom-left:0px;--awb-flex-wrap:wrap;\" ><div class=\"fusion-builder-row fusion-row\"><div class=\"fusion-layout-column fusion_builder_column fusion-builder-column-0 fusion_builder_column_1_1 1_1 fusion-one-full fusion-column-first fusion-column-last\" style=\"--awb-bg-size:cover;\"><div class=\"fusion-column-wrapper fusion-column-has-shadow fusion-flex-column-wrapper-legacy\"><div class=\"fusion-text fusion-text-1\" style=\"--awb-text-transform:none;\"><p><strong>Magyar Imre d\u00edj p\u00e1ly\u00e1zat<\/strong><\/p>\n<p>Magyar Gasztroenterol\u00f3giai T\u00e1rsas\u00e1g p\u00e1ly\u00e1zatot hirdet a 2026. \u00e9vben <strong>harmincegyedik alkalommal<\/strong>\u00a0ki\u00edr\u00e1sra ker\u00fcl\u0151 Magyar Imre d\u00edjra.<br \/>\nP\u00e1ly\u00e1zati felt\u00e9telek: 35 \u00e9ves, vagy ann\u00e1l fiatalabb MGT tagok p\u00e1ly\u00e1zhatnak. Gasztroenterol\u00f3giai t\u00e1rgyban bejelentett els\u0151szerz\u0151s el\u0151ad\u00e1s a t\u00e1rsas\u00e1g soron k\u00f6vetkez\u0151 Nagygy\u0171l\u00e9s\u00e9re.<br \/>\nA p\u00e1ly\u00e1zatnak tartalmaznia kell: a munka nyomdak\u00e9sz, maximum 10 oldal terjedelm\u0171 (egy oldal 30 sor, 60 le\u00fct\u00e9s) k\u00e9zirat\u00e1t, a k\u00f6vetkez\u0151 adatokat: a p\u00e1ly\u00e1z\u00f3 neve, sz\u00fclet\u00e9si d\u00e1tuma, munkahelye, c\u00edme (telefonsz\u00e1ma); nyilatkozat arr\u00f3l, hogy a munka r\u00e9szben vagy eg\u00e9szben m\u00e1s f\u00f3rumon elhangzott-e vagy publik\u00e1l\u00e1sra ker\u00fclt-e. Ha igen, hol \u00e9s mikor.<br \/>\nA &#8222;Magyar Imre D\u00edj&#8221; nyertese a T\u00e1rsas\u00e1g 68. Nagygy\u0171l\u00e9s\u00e9n, ismerteti munk\u00e1j\u00e1t. A kongresszusi r\u00e9szv\u00e9tel sz\u00e1m\u00e1ra ingyenes.<br \/>\nA p\u00e1ly\u00e1zatok bek\u00fcld\u00e9si hat\u00e1rideje:\u00a0<strong>2026. \u00e1prilis 1.<\/strong><\/p>\n<p>Bek\u00fcld\u00e9s c\u00edme:\u00a0<span id=\"cloak99025f9b603907b2e8ba5661cdfc9385\">gastroent@gmail.com<\/span><\/p>\n<\/div><div class=\"fusion-clearfix\"><\/div><\/div><\/div><\/div><\/div>","protected":false},"excerpt":{"rendered":"","protected":false},"author":1,"featured_media":0,"parent":12345,"menu_order":0,"comment_status":"closed","ping_status":"closed","template":"","meta":{"footnotes":""},"class_list":["post-12349","page","type-page","status-publish","hentry"],"_links":{"self":[{"href":"https:\/\/mgtiroda.hu\/en\/wp-json\/wp\/v2\/pages\/12349","targetHints":{"allow":["GET"]}}],"collection":[{"href":"https:\/\/mgtiroda.hu\/en\/wp-json\/wp\/v2\/pages"}],"about":[{"href":"https:\/\/mgtiroda.hu\/en\/wp-json\/wp\/v2\/types\/page"}],"author":[{"embeddable":true,"href":"https:\/\/mgtiroda.hu\/en\/wp-json\/wp\/v2\/users\/1"}],"replies":[{"embeddable":true,"href":"https:\/\/mgtiroda.hu\/en\/wp-json\/wp\/v2\/comments?post=12349"}],"version-history":[{"count":6,"href":"https:\/\/mgtiroda.hu\/en\/wp-json\/wp\/v2\/pages\/12349\/revisions"}],"predecessor-version":[{"id":13169,"href":"https:\/\/mgtiroda.hu\/en\/wp-json\/wp\/v2\/pages\/12349\/revisions\/13169"}],"up":[{"embeddable":true,"href":"https:\/\/mgtiroda.hu\/en\/wp-json\/wp\/v2\/pages\/12345"}],"wp:attachment":[{"href":"https:\/\/mgtiroda.hu\/en\/wp-json\/wp\/v2\/media?parent=12349"}],"curies":[{"name":"wp","href":"https:\/\/api.w.org\/{rel}","templated":true}]}}