{"id":12355,"date":"2019-07-14T19:54:23","date_gmt":"2019-07-14T17:54:23","guid":{"rendered":"http:\/\/mgtiroda.hu\/?page_id=12355"},"modified":"2026-01-12T23:20:44","modified_gmt":"2026-01-12T22:20:44","slug":"%ef%bb%bfaz-ev-legjobb-magyar-nyelvu-kozlemenye-palyazat","status":"publish","type":"page","link":"https:\/\/mgtiroda.hu\/en\/palyazatok\/%ef%bb%bfaz-ev-legjobb-magyar-nyelvu-kozlemenye-palyazat\/","title":{"rendered":"\ufeffAz \u00e9v legjobb magyar nyelv\u0171 k\u00f6zlem\u00e9nye p\u00e1ly\u00e1zat"},"content":{"rendered":"<div class=\"fusion-fullwidth fullwidth-box fusion-builder-row-1 nonhundred-percent-fullwidth non-hundred-percent-height-scrolling\" style=\"--awb-border-radius-top-left:0px;--awb-border-radius-top-right:0px;--awb-border-radius-bottom-right:0px;--awb-border-radius-bottom-left:0px;--awb-flex-wrap:wrap;\" ><div class=\"fusion-builder-row fusion-row\"><div class=\"fusion-layout-column fusion_builder_column fusion-builder-column-0 fusion_builder_column_1_1 1_1 fusion-one-full fusion-column-first fusion-column-last\" style=\"--awb-bg-size:cover;\"><div class=\"fusion-column-wrapper fusion-column-has-shadow fusion-flex-column-wrapper-legacy\"><div class=\"fusion-text fusion-text-1\" style=\"--awb-text-transform:none;\"><p><strong>Az \u00e9v legjobb gasztroenterol\u00f3giai t\u00e1rgy\u00fa, magyar nyelven megjelent k\u00f6zlem\u00e9nye<\/strong><\/p>\n<p>A 2025-ban megjelent k\u00f6zlem\u00e9nnyel lehet p\u00e1ly\u00e1zni.<br \/>\nA p\u00e1ly\u00e1z\u00f3nak (t\u00f6bb szerz\u0151s k\u00f6zlem\u00e9ny eset\u00e9n az els\u0151 szerz\u0151nek) a megjelent dolgozat k\u00fcl\u00f6nlenyomat\u00e1t kell megk\u00fcldeni <strong>2026. \u00e1prilis 1.-ig <\/strong>a T\u00e1rsas\u00e1g c\u00edm\u00e9re:\u00a0<span id=\"cloak921afaf22f737cbaa457117bb2b6f5ac\">gastroent@gmail.com<\/span><br \/>\nAz eredeti k\u00e9zirattal is lehet p\u00e1ly\u00e1zni, amennyiben a szerz\u0151 mell\u00e9keli a foly\u00f3irat szerkeszt\u0151s\u00e9g\u00e9nek visszaigazol\u00e1s\u00e1t, hogy a dolgozat m\u00e9g a t\u00e1rgy\u00e9vben megjelenik.<br \/>\nA be\u00e9rkezett munk\u00e1kat a vezet\u0151s\u00e9g \u00e1ltal v\u00e1lasztott bizotts\u00e1g b\u00edr\u00e1lja el.<br \/>\nA p\u00e1lyad\u00edj \u00f6sszesen 100.000 &#8211; Ft<br \/>\nA p\u00e1ly\u00e1zat eredm\u00e9ny\u00e9t a Magyar Gasztroenterol\u00f3giai T\u00e1rsas\u00e1g elektronikusan hirdeti ki.<\/p>\n<\/div><div class=\"fusion-clearfix\"><\/div><\/div><\/div><\/div><\/div>","protected":false},"excerpt":{"rendered":"","protected":false},"author":1,"featured_media":0,"parent":12345,"menu_order":0,"comment_status":"closed","ping_status":"closed","template":"","meta":{"footnotes":""},"class_list":["post-12355","page","type-page","status-publish","hentry"],"_links":{"self":[{"href":"https:\/\/mgtiroda.hu\/en\/wp-json\/wp\/v2\/pages\/12355","targetHints":{"allow":["GET"]}}],"collection":[{"href":"https:\/\/mgtiroda.hu\/en\/wp-json\/wp\/v2\/pages"}],"about":[{"href":"https:\/\/mgtiroda.hu\/en\/wp-json\/wp\/v2\/types\/page"}],"author":[{"embeddable":true,"href":"https:\/\/mgtiroda.hu\/en\/wp-json\/wp\/v2\/users\/1"}],"replies":[{"embeddable":true,"href":"https:\/\/mgtiroda.hu\/en\/wp-json\/wp\/v2\/comments?post=12355"}],"version-history":[{"count":6,"href":"https:\/\/mgtiroda.hu\/en\/wp-json\/wp\/v2\/pages\/12355\/revisions"}],"predecessor-version":[{"id":13170,"href":"https:\/\/mgtiroda.hu\/en\/wp-json\/wp\/v2\/pages\/12355\/revisions\/13170"}],"up":[{"embeddable":true,"href":"https:\/\/mgtiroda.hu\/en\/wp-json\/wp\/v2\/pages\/12345"}],"wp:attachment":[{"href":"https:\/\/mgtiroda.hu\/en\/wp-json\/wp\/v2\/media?parent=12355"}],"curies":[{"name":"wp","href":"https:\/\/api.w.org\/{rel}","templated":true}]}}