{"id":12374,"date":"2019-07-14T20:21:42","date_gmt":"2019-07-14T18:21:42","guid":{"rendered":"http:\/\/mgtiroda.hu\/?page_id=12374"},"modified":"2026-01-22T21:49:33","modified_gmt":"2026-01-22T20:49:33","slug":"tiszteletbeli-tagok","status":"publish","type":"page","link":"https:\/\/mgtiroda.hu\/en\/kituntetettek-dijazottak\/tiszteletbeli-tagok\/","title":{"rendered":"Tiszteletbeli tagok"},"content":{"rendered":"<div class=\"fusion-fullwidth fullwidth-box fusion-builder-row-1 nonhundred-percent-fullwidth non-hundred-percent-height-scrolling\" style=\"--awb-border-radius-top-left:0px;--awb-border-radius-top-right:0px;--awb-border-radius-bottom-right:0px;--awb-border-radius-bottom-left:0px;--awb-flex-wrap:wrap;\" ><div class=\"fusion-builder-row fusion-row\"><div class=\"fusion-layout-column fusion_builder_column fusion-builder-column-0 fusion_builder_column_1_1 1_1 fusion-one-full fusion-column-first fusion-column-last\" style=\"--awb-bg-size:cover;--awb-margin-bottom:0px;\"><div class=\"fusion-column-wrapper fusion-flex-column-wrapper-legacy\"><div class=\"fusion-text fusion-text-1\" style=\"--awb-text-transform:none;\"><p>A T\u00c1RSAS\u00c1G A &#8222;<strong>HET\u00c9NYI G\u00c9ZA EML\u00c9K\u00c9REM<\/strong>&#8221; KIT\u00dcNTET\u00c9SBEN A K\u00d6VETKEZ\u0150 TISZTELETBELI TAGJAIT R\u00c9SZES\u00cdTETTE<br \/>\nHONORARY MEMBERS AWARDED WITH &#8222;<strong>G\u00c9ZA HET\u00c9NYI MEMORIAL MEDALLION<\/strong>&#8221;<\/p>\n<p>Dr. T.Cs\u00e1ky (USA)<br \/>\nDr. F. Vilardell (E)<br \/>\nDr. D. M\u00fcting (D)<br \/>\nDr. L. Demling (D)<br \/>\nDr. H. Mansurov (SU)<br \/>\nDr. A. Ugolev (SU)<br \/>\nDr. M. Siurala (FL)<br \/>\nDr. Z. Kojeczky (CS)<br \/>\nDr. L. Lambling (F)<br \/>\nDr. E. G\u00fclzow (D)<br \/>\n1985 &#8211;\u00a0Dr. Rudolf Amman (CH)<br \/>\n1985 &#8211;\u00a0Dr. Herbert Falk (D)<br \/>\n1985 &#8211;\u00a0Dr. Serge Bonfils (F)<br \/>\n1986 &#8211;\u00a0Dr. G\u00e9za Csom\u00f3s (D)<br \/>\n1986 &#8211;\u00a0Dr. Hermon R. Dowling (GB)<br \/>\n1986 &#8211;\u00a0Dr. R\u00fcdiger Nilius (D)<br \/>\n1987 &#8211;\u00a0Dr. S\u00e1ndor Szab\u00f3 (USA)<br \/>\n1987 &#8211;\u00a0Dr. Rolf Madaus (D)<br \/>\n1987 &#8211;\u00a0Dr. Rodopho Cheli (I)<br \/>\n1987 &#8211;\u00a0Dr. F. G. Renger (D)<br \/>\n1988 &#8211;\u00a0Dr. Meinhard Classen (D)<br \/>\n1988 &#8211;\u00a0Dr. Heribert Thaler (A)<br \/>\n1988 &#8211;\u00a0Dr. Anatolij Loginov (SU)<br \/>\n1989 &#8211;\u00a0Dr. Lajos Okolics\u00e1nyi (I)<br \/>\n1989 &#8211;\u00a0Dr. George \u00c1cs (USA)<br \/>\n1989 &#8211;\u00a0Dr. Erwin Kuntz (D)<br \/>\n1990 &#8211;\u00a0Dr. Marketa Jablonska (CS)<br \/>\n1990 &#8211;\u00a0Dr. N. J. Lygidakis (NL)<br \/>\n1990 &#8211;\u00a0Dr. K. H. M. B\u00fcschenfelde (D)<br \/>\n1991 &#8211;\u00a0Dr. Harald Henning (D)<br \/>\n1992 &#8211;\u00a0Dr. James C. Thompson (USA)<br \/>\n1992 &#8211;\u00a0Dr. Peter Ferenczi (A)<br \/>\n1993 &#8211;\u00a0Dr. Friedrich Hagenm\u00fcller (D)<br \/>\n1993 &#8211;\u00a0Dr. Wolfgang Arnold (D)<br \/>\n1993 &#8211;\u00a0Dr. Graham J. Dockray (GB)<br \/>\n1994 &#8211;\u00a0Dr. Harold O. Conn (USA)<br \/>\n1994 &#8211;\u00a0Dr. K. D. Rainsford (GB)<br \/>\n1995 &#8211;\u00a0Dr. Pentti Sipponen (SF)<br \/>\n1995 &#8211;\u00a0Dr. G. N. J. Tytgat (NL)<br \/>\n1996 &#8211;\u00a0Dr. Jr. Armengol Mir\u00f3 (E)<br \/>\n1996 &#8211;\u00a0Dr. Guenter J. Krejs (A)<br \/>\n1997 &#8211;\u00a0Dr. C. J. Hawkey (GB)<br \/>\n1997 &#8211;\u00a0Dr. J. F. Riemann (D)<br \/>\n1997 &#8211;\u00a0Dr. Claudio Tiribelli (I)<br \/>\n1998 &#8211;\u00a0Dr. Anton Vavrecka (SK)<br \/>\n1998 &#8211;\u00a0Dr. P. Funch-Jensen (D)<br \/>\n1998 &#8211;\u00a0Dr. Massimo Crespi (I)<br \/>\n1998 &#8211;\u00a0Dr. M. J. G. Farthing (GB)<br \/>\n1999 &#8211;\u00a0Dr. Edgar Achkar (USA)<br \/>\n1999 &#8211;\u00a0Dr. Peter D\u00edte (CZ)<br \/>\n1999 &#8211;\u00a0Dr. Colm O&#8217;morain (IRL)<br \/>\n1999 &#8211;\u00a0Dr. John Walsch (USA)<br \/>\n2000 &#8211;\u00a0Dr. Peter Malfertheiner (D)<br \/>\n2000 &#8211;\u00a0Dr. Jan Kotrl\u00edk (CZ)<br \/>\n2000 &#8211;\u00a0Dr. A. S. PENA (NL)<br \/>\n2000 &#8211;\u00a0Dr. Lionel Bueno (F)<br \/>\n2001 &#8211;\u00a0Dr. Roy Pounder (GB)<br \/>\n2001 &#8211;\u00a0Dr. Andrzej Nowak (PL)<br \/>\n2001 &#8211;\u00a0Dr. Dieter Haussinger (D)<br \/>\n2001 &#8211;\u00a0Dr. K. D. Bardhan (UK)<br \/>\n2002 &#8211;\u00a0Dr. Andrzej S. Tarnawski (USA)<br \/>\n2002 &#8211;\u00a0Dr. Eamonn Mm quigley (IRL)<br \/>\n2002 &#8211;\u00a0Dr. Eugeniusz Butruk (PL)<br \/>\n2002 &#8211;\u00a0Dr. Wolfram Domschke (D)<br \/>\n2003 &#8211;\u00a0Dr. Lars Lundell (S)<br \/>\n2003 &#8211;\u00a0Dr. Alberto Montori (I)<br \/>\n2003 &#8211;\u00a0Dr. Julius \u00a9Pi\u00e8\u00e1k (CZ)<br \/>\n2004 &#8211;\u00a0Dr. Gy\u00f6ngyi Szab\u00f3 (USA)<br \/>\n2004 &#8211;\u00a0Dr. Andres T. Blei (USA)<br \/>\n2004 &#8211;\u00a0Dr. Carol Stanciu (RO)<br \/>\n2004 &#8211;\u00a0Dr. Barry e. Argent (UK)<br \/>\n2005 &#8211;\u00a0Dr. Fabio Farinati (I)<br \/>\n2005 &#8211;\u00a0Dr. David E. J. Jones (UK)<br \/>\n2005 &#8211;\u00a0Dr. Raoul Poupon (F)<br \/>\n2005 &#8211;\u00a0Dr. Mikl\u00f3s Sahin-T\u00f3th (USA)<br \/>\n2006 &#8211;\u00a0Dr. Guido Costamagna (I)<br \/>\n2006 &#8211;\u00a0Dr. Andrea Varro (USA)<br \/>\n2006 &#8211;\u00a0Dr. Michael Peter Manns (D)<br \/>\n2006 &#8211;\u00a0Dr. Jean Fiaromonti (F)<br \/>\n2006 &#8211;\u00a0Dr. Vay Liang W. (Bill) Go (USA)<br \/>\n2007 &#8211;\u00a0Dr. L\u00e1szl\u00f3 G. Boros (USA)<br \/>\n2007 &#8211;\u00a0Dr. Christian Ell (D)<br \/>\n2007 &#8211;\u00a0Dr. Eva Brownstone (A)<br \/>\n2007 &#8211;\u00a0Dr. Nadir Arber (IL)<br \/>\n2007 &#8211;\u00a0Dr. Jaroslaw Regula (PL)<br \/>\n2008 &#8211;\u00a0Dr. Makoto Otsuki (J)<br \/>\n2008 &#8211; Dr. Simon Travis (UK)<br \/>\n2009 &#8211; Dr. Berger zolt\u00e1n (CH)<br \/>\n2009 &#8211; Dr. Peter Bonis (USA)<br \/>\n2009 &#8211; Dr. Paul Fockens (NL)<br \/>\n2009 &#8211; Dr. T\u00f3th Ervin (S)<br \/>\n2010 &#8211; Dr. Baffy Gy\u00f6rgy (USA)<br \/>\n2010 &#8211; Dr. Herbert Lochs (A)<br \/>\n2010 &#8211; Dr. \u00d6rd\u00f6g Tam\u00e1s (USA)<br \/>\n2010 &#8211; Dr. Christoph Rink (D)<br \/>\n2011 &#8211; Dr. Angels Gin\u00e9s \u00a0(ES)<br \/>\n2011 &#8211; Dr. Heinz Hammer (A)<br \/>\n2011 &#8211; Dr. Michael A. Gray (UK)<br \/>\n2012 &#8211; Dr. Ursula Seidler (D)<br \/>\n2013 &#8211; Dr. Anna Gukovskaya (USA)<br \/>\n2013 &#8211; Dr. Mark Hull (UK)<br \/>\n2013 &#8211; Dr. Erwin Santo (IL)<br \/>\n2013 &#8211; Dr. Arun Sanyal (USA)<br \/>\n2013 &#8211; Dr. Rainer Sch\u00f6fl (A)<br \/>\n2014 &#8211; Dr. Francesco Di Mario (I)<br \/>\n2014 &#8211; Dr. Pierre Deprez (BE)<br \/>\n2014 &#8211; Dr. Graham R Foster (UK)<br \/>\n2014 &#8211; Dr. Markus M. Lerch (D)<br \/>\n2015 &#8211; Dr. Joost Drenth (NL)<br \/>\n2015 &#8211; Dr. Jonas Rosendahl (D)<br \/>\n2015 &#8211; Dr. Shomron Ben-Horin (IL)<br \/>\n2016 &#8211; Dr. D. Nageshwar Reddy (IND)<br \/>\n2017 &#8211; Dr. S\u00e1fr\u00e1ny L\u00e1szl\u00f3 (D)<br \/>\n2017 &#8211; Dr. Tomica Milosavljevic (SRB)<br \/>\n2018 &#8211; Dr. Julia Mayerle (D)<br \/>\n2018 &#8211; Dr. Tamara Matysiak-Budnik (F)<br \/>\n2018 &#8211; Dr. Marcel Tantau (RO)<br \/>\n2019 &#8211; Dr. Dan Lucian Dumitrascu (RO)<br \/>\n2019 &#8211; Dr. Abraham Eliakim (IL)<br \/>\n2019 &#8211; Dr. Andreas M\u00fcnch (S)<br \/>\n2020 &#8211; Dr. Mitsuhiro Kida (J)<br \/>\n2020 &#8211; Dr. Ibrahim Mostafa (ET)<br \/>\n2020 &#8211; Dr. Nicolas J. Tallay (AUS)<br \/>\n2021 &#8211; Dr. Edward John Despott (UK)<br \/>\n2022 &#8211; Dr. Raf Bisschops (B)<br \/>\n2023 &#8211; Dr. Helmut Messmann (D)<br \/>\n2024 &#8211; Dr. Cristian Gheorghe (RO)<br \/>\n2025 &#8211; Dr. Cesare Hassan (IL)<br \/>\n2025 &#8211; Dr. Ian Gralnek (I)<\/p>\n<\/div><div class=\"fusion-clearfix\"><\/div><\/div><\/div><\/div><\/div>","protected":false},"excerpt":{"rendered":"","protected":false},"author":1,"featured_media":0,"parent":12368,"menu_order":0,"comment_status":"closed","ping_status":"closed","template":"","meta":{"footnotes":""},"class_list":["post-12374","page","type-page","status-publish","hentry"],"_links":{"self":[{"href":"https:\/\/mgtiroda.hu\/en\/wp-json\/wp\/v2\/pages\/12374","targetHints":{"allow":["GET"]}}],"collection":[{"href":"https:\/\/mgtiroda.hu\/en\/wp-json\/wp\/v2\/pages"}],"about":[{"href":"https:\/\/mgtiroda.hu\/en\/wp-json\/wp\/v2\/types\/page"}],"author":[{"embeddable":true,"href":"https:\/\/mgtiroda.hu\/en\/wp-json\/wp\/v2\/users\/1"}],"replies":[{"embeddable":true,"href":"https:\/\/mgtiroda.hu\/en\/wp-json\/wp\/v2\/comments?post=12374"}],"version-history":[{"count":2,"href":"https:\/\/mgtiroda.hu\/en\/wp-json\/wp\/v2\/pages\/12374\/revisions"}],"predecessor-version":[{"id":13178,"href":"https:\/\/mgtiroda.hu\/en\/wp-json\/wp\/v2\/pages\/12374\/revisions\/13178"}],"up":[{"embeddable":true,"href":"https:\/\/mgtiroda.hu\/en\/wp-json\/wp\/v2\/pages\/12368"}],"wp:attachment":[{"href":"https:\/\/mgtiroda.hu\/en\/wp-json\/wp\/v2\/media?parent=12374"}],"curies":[{"name":"wp","href":"https:\/\/api.w.org\/{rel}","templated":true}]}}