{"id":12376,"date":"2019-07-14T20:23:28","date_gmt":"2019-07-14T18:23:28","guid":{"rendered":"http:\/\/mgtiroda.hu\/?page_id=12376"},"modified":"2026-01-22T21:51:49","modified_gmt":"2026-01-22T20:51:49","slug":"magyar-imre-emlekeloadas","status":"publish","type":"page","link":"https:\/\/mgtiroda.hu\/en\/kituntetettek-dijazottak\/magyar-imre-emlekeloadas\/","title":{"rendered":"Magyar Imre eml\u00e9kel\u0151ad\u00e1s"},"content":{"rendered":"<div class=\"fusion-fullwidth fullwidth-box fusion-builder-row-1 nonhundred-percent-fullwidth non-hundred-percent-height-scrolling\" style=\"--awb-border-radius-top-left:0px;--awb-border-radius-top-right:0px;--awb-border-radius-bottom-right:0px;--awb-border-radius-bottom-left:0px;--awb-flex-wrap:wrap;\" ><div class=\"fusion-builder-row fusion-row\"><div class=\"fusion-layout-column fusion_builder_column fusion-builder-column-0 fusion_builder_column_1_1 1_1 fusion-one-full fusion-column-first fusion-column-last\" style=\"--awb-bg-size:cover;--awb-margin-bottom:0px;\"><div class=\"fusion-column-wrapper fusion-flex-column-wrapper-legacy\"><div class=\"fusion-text fusion-text-1\" style=\"--awb-text-transform:none;\"><p><strong>MAGYAR IMRE EML\u00c9KEL\u0150AD\u00c1S KIT\u00dcNTET\u00c9S<\/strong><\/p>\n<p>1990<br \/>\nDr. Lengyel Gabriella<br \/>\nAz interleukin-1 b\u00e9ta szerepe a m\u00e1jspecifikus g\u00e9nexpresszi\u00f3k szab\u00e1lyoz\u00e1s\u00e1ban hum\u00e1n hepatoblaszt\u00f3ma sejtekben.<\/p>\n<p>1991<br \/>\nDr. Kempler P\u00e9ter<br \/>\nAuton\u00f3m neurop\u00e1tia kr\u00f3nikus m\u00e1jbetegs\u00e9gekben.<\/p>\n<p>1992<br \/>\nDr. Korponay-Szab\u00f3 Ilma<br \/>\nAnti-endomysium ellenagyag (EmA) vizsg\u00e1lattal felder\u00edtett \u00faj c\u00f6liaki\u00e1lis esetek glut\u00e9n-szenzit\u00edv betegek csal\u00e1dj\u00e1ban \u00e9s nem-specificus gasztrointesztin\u00e1lis panaszok miatt vizsg\u00e1lt gyermekekben.<\/p>\n<p>1993<br \/>\nDr. Izb\u00e9ki Ferenc<br \/>\nA vena portae duplex-szonogr\u00e1fi\u00e1s vizsg\u00e1lata: a nyel\u0151cs\u0151v\u00e9rz\u00e9s kock\u00e1zata korrel\u00e1l a port\u00e1lis v\u00e9n\u00e1s \u00e1raml\u00e1ssal<\/p>\n<p>1994<br \/>\nDr. Horv\u00e1th G\u00e1bor<br \/>\nA hepatitis B \u00e9s D virus antig\u00e9nek (HBsAG, HBcAg, HDAg) immunhisztok\u00e9miai vizsg\u00e1lat\u00e1nak jelent\u0151s\u00e9ge id\u00fclt m\u00e1jbetegs\u00e9gekben<\/p>\n<p>1995<br \/>\nDr. Pr\u00f3nai L\u00e1szl\u00f3<br \/>\nA helicobacter pylori eradik\u00e1ci\u00f3 hat\u00e1sa a gastrointestin\u00e1lis kr\u00f3nikus urticaria kezel\u00e9s\u00e9ben<\/p>\n<p>1996<br \/>\nDr. Hegyi P\u00e9ter<br \/>\nA cholecytokinin-oktapeptid degener\u00e1ci\u00f3s hat\u00e1s\u00e1nak vizsg\u00e1lata<\/p>\n<p>1997<br \/>\nDr. Osztrogon\u00e1cz Henrik<br \/>\nA v\u00e9rad\u00e1s sor\u00e1n kisz\u0171rt anti-HCV, illetve HBsAg szeropozit\u00edv donorok \u00e9s csal\u00e1dtagjaik vizsg\u00e1lata<\/p>\n<p>1998<br \/>\nDr. Csepregi Antal<br \/>\nSpecific autoantibodies in primary Sj\u00f6rgen&#8217;s syndrome: Are they predictors for chronic liver disease?<\/p>\n<p>1999<br \/>\nDr. Moln\u00e1r B\u00e9la<br \/>\nThree-dimensional (3D) reconstruction and analysis of gastric malignancies by virtual microscopy of electronic slides from consecutive histological sections<\/p>\n<p>2000<br \/>\nDr. Nemecz Andrea<br \/>\nAz IL-1B gen polimorfizmus hat\u00e1sa a gyullad\u00e1sos b\u00e9lbetegs\u00e9g s\u00falyoss\u00e1g\u00e1ra \u00e9s lefoly\u00e1s\u00e1ra<\/p>\n<p>2001<br \/>\nDr. Czak\u00f3 L\u00e1szl\u00f3<br \/>\nSecretin stimul\u00e1ci\u00f3s MR cholangiopancreatographia (S-MRCP) a pancreas exocrin m\u0171k\u00f6d\u00e9s\u00e9nek meg\u00edt\u00e9l\u00e9s\u00e9re \/ The usefulness of secretin-enhanced MR cholongiopancreatography (S-MRCP) for evaluation of pancreatic exocrine function<\/p>\n<p>2002<br \/>\nDr. Gasztonyi Be\u00e1ta<br \/>\nRole of the activated nuclear factor kappa B in hepatocarcinogenesis and lymphomagenesis in hepatits C virus infection.<\/p>\n<p>2003<br \/>\nDr. Lakatos P\u00e9ter L\u00e1szl\u00f3<br \/>\nInsulin-like growth factor I (IGF I) g\u00e9n mikroszatellita repeat polimorfizmus, kollag\u00e9n I?1 (COL1A1) g\u00e9n Sp1 polimorfizmus \u00e9s csont-\u00e1sv\u00e1nyianyag tartalom primer biliaris cirrhosisban<\/p>\n<p>2004<br \/>\nDr. M\u00e1rk Juh\u00e1sz<br \/>\nDifferential expression of caveolin-1in gastric cancer cells and adjacent non-epithelial tissue<\/p>\n<p>2005<br \/>\nDr. Miheller P\u00e1r<br \/>\nInfliximab therapy improves the bone metabolism in fistulizing Crohn&#8217;s disease<\/p>\n<p>2006<br \/>\nDr. Schwab Rich\u00e1rd<br \/>\nAz ABC transzporter profil meghat\u00e1roz\u00e1s diagnosztikus \u00e9rt\u00e9ke gyullad\u00e1sos \u00e9s colorect\u00e1lis daganatok szem\u00e9lyreszabott kezel\u00e9se sor\u00e1n<\/p>\n<p>2007<br \/>\nDr. Rakonczay Zolt\u00e1n<br \/>\nCFTR g\u00e9nbevitel hum\u00e1n ciszt\u00e1s fibr\u00f3zisos hasny\u00e1lmirigy ductus sejtekbe Szendei v\u00edrus vektorral<\/p>\n<p>2008<br \/>\nDr. P\u00e1r Gabriella<br \/>\nNK \u00e9s cytotoxikus T sejt receptorok megv\u00e1ltozott felsz\u00edni expresszi\u00f3ja kr\u00f3nikus HCV hepatitisben<\/p>\n<p>2008<br \/>\nDr. Papp M\u00e1ria<br \/>\n\u00dajonnan felfedezett glik\u00e1n szerol\u00f3giai markerek gyullad\u00e1sos b\u00e9lbetegs\u00e9gekben<\/p>\n<p>2009<br \/>\nDr. Venglovecz Vikt\u00f3ria<\/p>\n<p>2010<br \/>\nDr. Hritz Istv\u00e1n<\/p>\n<p>2011<br \/>\nDr. Sipos Ferenc<\/p>\n<p>2012<br \/>\nDr. Mal\u00e9th J\u00f3zsef<\/p>\n<p>2013<br \/>\nDr. Szmola Rich\u00e1rd<\/p>\n<p>2014<br \/>\nDr. Farkas Klaudia<\/p>\n<p>2015<br \/>\nDr. Gecse Krisztina<\/p>\n<p>2016<br \/>\nDr. Szab\u00f3 B\u00e1lint Gerely<\/p>\n<p>2017<br \/>\nDr. Pallagi Petra<\/p>\n<p>2018<br \/>\nDr. Patai \u00c1rp\u00e1d V.<\/p>\n<p>2019<br \/>\nDr. N\u00e9meth Bal\u00e1zs<\/p>\n<p>2020<br \/>\nDr. B\u00e1lint Antia<br \/>\nBeteggondoz\u00e1s neh\u00e9zs\u00e9gei \u00e9s nemk\u00edv\u00e1natos esem\u00e9nyek gyullad\u00e1sos b\u00e9lbetegek k\u00f6r\u00e9ben<\/p>\n<p>2021<br \/>\nDr. Lov\u00e1sz Barbara Dorottya<br \/>\nNeoplasztikus \u00e9s nem-neoplasztikus polypok val\u00f3s idej\u0171 optikai diagn\u00f3zisa vastagb\u00e9lt\u00fckr\u00f6z\u00e9s sor\u00e1n mesters\u00e9ges intelligencia alap\u00fa d\u00f6nt\u00e9st\u00e1mogat\u00f3 rendszer (Polypbrain\u00ae) seg\u00edts\u00e9g\u00e9vel<\/p>\n<p>2022<br \/>\nDr. Mad\u00e1csy Tamara<br \/>\nA CFTR hi\u00e1nya PMCA4 diszfunkci\u00f3t, intracellul\u00e1ris CA2+ emelked\u00e9st \u00e9s epit\u00e9lsejt k\u00e1rosod\u00e1s\u00e1t okoz alkoholos pankreat\u00edtiszben \u00e9s hepat\u00edtiszben<\/p>\n<p>2023<br \/>\nDr. F\u00e1bi\u00e1n Anna<br \/>\nMaligniz\u00e1l\u00f3dott kolorekt\u00e1lis polypok endoszk\u00f3pos elt\u00e1vol\u00edt\u00e1s\u00e1nak hossz\u00fa t\u00e1v\u00fa kimenetele<\/p>\n<p>2024<br \/>\nDr. Szab\u00f3 Vikt\u00f3ria<br \/>\nAz Orai1 kalcium-csatorna g\u00e1tl\u00e1s\u00e1nak hat\u00e1sai a visszat\u00e9r\u0151 akuthasny\u00e1lmirigy gyullad\u00e1s \u2013 kr\u00f3nikus hasny\u00e1lmirigy gyullad\u00e1s progresszi\u00f3j\u00e1ra<\/p>\n<p>2025<br \/>\nDr. Varga \u00c1rp\u00e1d<br \/>\nHum\u00e1n hasny\u00e1lmirigy organoidok sejtpolarit\u00e1s\u00e1nak szab\u00e1lyoz\u00e1sa jelent\u0151sen n\u00f6veli az ex vivo fiziol\u00f3giai modellez\u00e9s felbont\u00e1s\u00e1t<\/p>\n<\/div><div class=\"fusion-clearfix\"><\/div><\/div><\/div><\/div><\/div>","protected":false},"excerpt":{"rendered":"","protected":false},"author":1,"featured_media":0,"parent":12368,"menu_order":0,"comment_status":"closed","ping_status":"closed","template":"","meta":{"footnotes":""},"class_list":["post-12376","page","type-page","status-publish","hentry"],"_links":{"self":[{"href":"https:\/\/mgtiroda.hu\/en\/wp-json\/wp\/v2\/pages\/12376","targetHints":{"allow":["GET"]}}],"collection":[{"href":"https:\/\/mgtiroda.hu\/en\/wp-json\/wp\/v2\/pages"}],"about":[{"href":"https:\/\/mgtiroda.hu\/en\/wp-json\/wp\/v2\/types\/page"}],"author":[{"embeddable":true,"href":"https:\/\/mgtiroda.hu\/en\/wp-json\/wp\/v2\/users\/1"}],"replies":[{"embeddable":true,"href":"https:\/\/mgtiroda.hu\/en\/wp-json\/wp\/v2\/comments?post=12376"}],"version-history":[{"count":2,"href":"https:\/\/mgtiroda.hu\/en\/wp-json\/wp\/v2\/pages\/12376\/revisions"}],"predecessor-version":[{"id":13179,"href":"https:\/\/mgtiroda.hu\/en\/wp-json\/wp\/v2\/pages\/12376\/revisions\/13179"}],"up":[{"embeddable":true,"href":"https:\/\/mgtiroda.hu\/en\/wp-json\/wp\/v2\/pages\/12368"}],"wp:attachment":[{"href":"https:\/\/mgtiroda.hu\/en\/wp-json\/wp\/v2\/media?parent=12376"}],"curies":[{"name":"wp","href":"https:\/\/api.w.org\/{rel}","templated":true}]}}