{"id":12383,"date":"2019-07-14T20:25:45","date_gmt":"2019-07-14T18:25:45","guid":{"rendered":"http:\/\/mgtiroda.hu\/?page_id=12383"},"modified":"2019-07-14T20:25:45","modified_gmt":"2019-07-14T18:25:45","slug":"pro-optimo-merito-in-gastroenterologia-kulfoldi","status":"publish","type":"page","link":"https:\/\/mgtiroda.hu\/en\/kituntetettek-dijazottak\/pro-optimo-merito-in-gastroenterologia-kulfoldi\/","title":{"rendered":"Pro Optimo Merito in Gastroenterologia (k\u00fclf\u00f6ldi)"},"content":{"rendered":"<div class=\"fusion-fullwidth fullwidth-box fusion-builder-row-1 nonhundred-percent-fullwidth non-hundred-percent-height-scrolling\" style=\"--awb-border-radius-top-left:0px;--awb-border-radius-top-right:0px;--awb-border-radius-bottom-right:0px;--awb-border-radius-bottom-left:0px;--awb-flex-wrap:wrap;\" ><div class=\"fusion-builder-row fusion-row\"><div class=\"fusion-layout-column fusion_builder_column fusion-builder-column-0 fusion_builder_column_1_1 1_1 fusion-one-full fusion-column-first fusion-column-last\" style=\"--awb-bg-size:cover;--awb-margin-bottom:0px;\"><div class=\"fusion-column-wrapper fusion-flex-column-wrapper-legacy\"><div class=\"fusion-text fusion-text-1\"><p>A T\u00c1RSAS\u00c1G &#8222;<strong>PRO OPTIMO MERITO IN GASTROENTEROLOGIA<\/strong>&#8221; EML\u00c9K\u00c9RM\u00c9VEL KIT\u00dcNTETETT K\u00dcLF\u00d6LDI GASZTROENTEROL\u00d3GUSOK<br \/>\nFOREIGN GASTROENTEROLOGISTS AWARDED WITH &#8222;PRO OPTIMO MERITO IN GASTROENTEROLOGIA&#8221; MEDALLION<\/p>\n<p>1986 &#8211; Dr. Ludwig Demling (D)<br \/>\n1988 &#8211; Dr. David A. Dreiling (USA)<br \/>\n1988 &#8211; Dr. Henry T. Howat (UK)<br \/>\n1988 &#8211; Dr. Rudolf Amman (CH)<br \/>\n1988 &#8211; Dr. Henry Sarles (F)<br \/>\n1988 &#8211; Dr. Manfred V. Singer (D)<br \/>\n1988 &#8211; Dr. Gabriele S. Nagy (AUS)<br \/>\n2001 &#8211; Dr. S\u00e1f\u00e1r Istv\u00e1n (SK)<br \/>\n2001 &#8211; Dr. George Weber (USA)<br \/>\n2001 &#8211; Dr. Dr. Herbert Falk (D)<br \/>\n2008 &#8211; Dr. L\u00e1szl\u00f3 S\u00e1fr\u00e1ny (D)<br \/>\n2008 &#8211; Dr. J. F. Riemann (D)<br \/>\n2016 &#8211; Dr. Peter Malfertheiner (D)<br \/>\n2017 &#8211; Dr. Baffy Gy\u00f6rgy (USA)<\/p>\n<\/div><div class=\"fusion-clearfix\"><\/div><\/div><\/div><\/div><\/div>","protected":false},"excerpt":{"rendered":"","protected":false},"author":1,"featured_media":0,"parent":12368,"menu_order":0,"comment_status":"closed","ping_status":"closed","template":"","meta":{"footnotes":""},"class_list":["post-12383","page","type-page","status-publish","hentry"],"_links":{"self":[{"href":"https:\/\/mgtiroda.hu\/en\/wp-json\/wp\/v2\/pages\/12383","targetHints":{"allow":["GET"]}}],"collection":[{"href":"https:\/\/mgtiroda.hu\/en\/wp-json\/wp\/v2\/pages"}],"about":[{"href":"https:\/\/mgtiroda.hu\/en\/wp-json\/wp\/v2\/types\/page"}],"author":[{"embeddable":true,"href":"https:\/\/mgtiroda.hu\/en\/wp-json\/wp\/v2\/users\/1"}],"replies":[{"embeddable":true,"href":"https:\/\/mgtiroda.hu\/en\/wp-json\/wp\/v2\/comments?post=12383"}],"version-history":[{"count":0,"href":"https:\/\/mgtiroda.hu\/en\/wp-json\/wp\/v2\/pages\/12383\/revisions"}],"up":[{"embeddable":true,"href":"https:\/\/mgtiroda.hu\/en\/wp-json\/wp\/v2\/pages\/12368"}],"wp:attachment":[{"href":"https:\/\/mgtiroda.hu\/en\/wp-json\/wp\/v2\/media?parent=12383"}],"curies":[{"name":"wp","href":"https:\/\/api.w.org\/{rel}","templated":true}]}}