{"id":13033,"date":"2024-04-12T20:48:51","date_gmt":"2024-04-12T18:48:51","guid":{"rendered":"https:\/\/mgtiroda.hu\/?page_id=13033"},"modified":"2024-04-19T11:55:59","modified_gmt":"2024-04-19T09:55:59","slug":"rendezvenynaptar-2024","status":"publish","type":"page","link":"https:\/\/mgtiroda.hu\/en\/rendezvenynaptar-2024\/","title":{"rendered":"Rendezv\u00e9nynapt\u00e1r &#8211; 2024"},"content":{"rendered":"<p><div class=\"fusion-fullwidth fullwidth-box fusion-builder-row-1 nonhundred-percent-fullwidth non-hundred-percent-height-scrolling\" style=\"--awb-border-radius-top-left:0px;--awb-border-radius-top-right:0px;--awb-border-radius-bottom-right:0px;--awb-border-radius-bottom-left:0px;--awb-flex-wrap:wrap;\" ><div class=\"fusion-builder-row fusion-row\"><div class=\"fusion-layout-column fusion_builder_column fusion-builder-column-0 fusion_builder_column_1_1 1_1 fusion-one-full fusion-column-first fusion-column-last\" style=\"--awb-padding-right:30px;--awb-bg-size:cover;--awb-border-color:#3b9bcc;--awb-border-right:2px;--awb-border-style:dotted;--awb-margin-bottom:0px;\"><div class=\"fusion-column-wrapper fusion-column-has-shadow fusion-flex-column-wrapper-legacy\"><ul style=\"--awb-line-height:23.8px;--awb-icon-width:23.8px;--awb-icon-height:23.8px;--awb-icon-margin:9.8px;--awb-content-margin:33.6px;--awb-circlecolor:#3b9bcc;--awb-circle-yes-font-size:12.32px;\" class=\"fusion-checklist fusion-checklist-1 fusion-checklist-default fusion-checklist-divider type-icons\"><li class=\"fusion-li-item\" style=\"\"><span class=\"icon-wrapper circle-yes\"><i class=\"fusion-li-icon fa-calendar-alt fas\" aria-hidden=\"true\"><\/i><\/span><div class=\"fusion-li-item-content\">\n<p><strong>FIGAMU XVIII. Kongressusa<br \/>\n<\/strong>D\u00e1tum: 2024. \u00e1prilis 19-21.<br \/>\nHelysz\u00edn: Balatonalm\u00e1di<br \/>\nHonlap:\u00a0<a href=\"https:\/\/figamu2024.timelessevent.hu\/\" target=\"_blank\" rel=\"noopener\">https:\/\/figamu2024.timelessevent.hu\/<\/a><\/p>\n<\/div><\/li><li class=\"fusion-li-item\" style=\"\"><span class=\"icon-wrapper circle-yes\"><i class=\"fusion-li-icon fa-calendar-alt fas\" aria-hidden=\"true\"><\/i><\/span><div class=\"fusion-li-item-content\">\n<p><strong>ESGE Days<br \/>\n<\/strong>D\u00e1tum: 2024. \u00e1prilis 25-27.<br \/>\nHelysz\u00edn: Berlin<\/p>\n<\/div><\/li><li class=\"fusion-li-item\" style=\"\"><span class=\"icon-wrapper circle-yes\"><i class=\"fusion-li-icon fa-calendar-alt fas\" aria-hidden=\"true\"><\/i><\/span><div class=\"fusion-li-item-content\">\n<p><strong>Szepes Attila eml\u00e9k\u00fcl\u00e9s<br \/>\n<\/strong>D\u00e1tum: 2024. m\u00e1jus 2.<br \/>\nHelysz\u00edn: Kecskem\u00e9t<\/p>\n<\/div><\/li><li class=\"fusion-li-item\" style=\"\"><span class=\"icon-wrapper circle-yes\"><i class=\"fusion-li-icon fa-calendar-alt fas\" aria-hidden=\"true\"><\/i><\/span><div class=\"fusion-li-item-content\">\n<p><strong>Endoszk\u00f3pos ultrahang k\u00e9pz\u00e9s\u00a0<\/strong><br \/>\nD\u00e1tum: 2024. m\u00e1jus 9.<br \/>\nHelysz\u00edn: Szeged<\/p>\n<\/div><\/li><li class=\"fusion-li-item\" style=\"\"><span class=\"icon-wrapper circle-yes\"><i class=\"fusion-li-icon fa-calendar-alt fas\" aria-hidden=\"true\"><\/i><\/span><div class=\"fusion-li-item-content\">\n<p><strong>Polypectomia\/EMR\/ESD \u00e9s virtu\u00e1lis chromoend\u00f3szk\u00f3pos k\u00e9pz\u00e9s\u00a0<\/strong><br \/>\nD\u00e1tum: 2024. m\u00e1jus 10.<br \/>\nHelysz\u00edn: Szeged<\/p>\n<\/div><\/li><li class=\"fusion-li-item\" style=\"\"><span class=\"icon-wrapper circle-yes\"><i class=\"fusion-li-icon fa-calendar-alt fas\" aria-hidden=\"true\"><\/i><\/span><div class=\"fusion-li-item-content\">\n<p><strong>DDW\u00a0<\/strong><br \/>\nD\u00e1tum: 2024. m\u00e1jus 18-21.<br \/>\nHelysz\u00edn: Washington DC<\/p>\n<\/div><\/li><li class=\"fusion-li-item\" style=\"\"><span class=\"icon-wrapper circle-yes\"><i class=\"fusion-li-icon fa-calendar-alt fas\" aria-hidden=\"true\"><\/i><\/span><div class=\"fusion-li-item-content\">\n<p><strong>Cadaveren endoszk\u00f3pos oktat\u00e1s<\/strong><br \/>\nD\u00e1tum: 2024. m\u00e1jus<br \/>\nHelysz\u00edn: SE<\/p>\n<\/div><\/li><li class=\"fusion-li-item\" style=\"\"><span class=\"icon-wrapper circle-yes\"><i class=\"fusion-li-icon fa-calendar-alt fas\" aria-hidden=\"true\"><\/i><\/span><div class=\"fusion-li-item-content\">\n<p><strong>MGT 66. Nagygy\u0171l\u00e9s<\/strong><br \/>\nD\u00e1tum: 2024. m\u00e1jus 30.- j\u00fanius 2.<br \/>\nHelysz\u00edn: Si\u00f3fok, Hotel Az\u00far<br \/>\nRegisztr\u00e1ci\u00f3: <a href=\"https:\/\/felabor.hu\/event\/mgt66ngy\/regisztracio\/\" target=\"_blank\" rel=\"noopener\">https:\/\/felabor.hu\/event\/mgt66ngy\/regisztracio\/<\/a><\/p>\n<\/div><\/li><li class=\"fusion-li-item\" style=\"\"><span class=\"icon-wrapper circle-yes\"><i class=\"fusion-li-icon fa-calendar-alt fas\" aria-hidden=\"true\"><\/i><\/span><div class=\"fusion-li-item-content\">\n<p><strong>Gyerek IBD<\/strong><br \/>\nD\u00e1tum: 2024. j\u00fanius 14.<br \/>\nHonlap: <a href=\"https:\/\/ibdnap2024.ementin.hu\/\">https:\/\/ibdnap2024.ementin.hu\/<\/a><\/p>\n<\/div><\/li><li class=\"fusion-li-item\" style=\"\"><span class=\"icon-wrapper circle-yes\"><i class=\"fusion-li-icon fa-calendar-alt fas\" aria-hidden=\"true\"><\/i><\/span><div class=\"fusion-li-item-content\">\n<p><strong>ENDO 2024\u00a0<\/strong><br \/>\nD\u00e1tum: 2024. j\u00falius 4-6.<br \/>\nHelysz\u00edn: Sz\u00f6ul<\/p>\n<\/div><\/li><li class=\"fusion-li-item\" style=\"\"><span class=\"icon-wrapper circle-yes\"><i class=\"fusion-li-icon fa-calendar-alt fas\" aria-hidden=\"true\"><\/i><\/span><div class=\"fusion-li-item-content\">\n<p><strong>13. CEHC &amp; Hepatol\u00f3gia 2024 Konferencia\u00a0<\/strong><br \/>\nD\u00e1tum: 2024. szeptember 5-7.<br \/>\nHelysz\u00edn: Visegr\u00e1d<br \/>\nHonlap: <a href=\"https:\/\/hepatologia.medicongressbudapest.com\/\" target=\"_blank\" rel=\"noopener\">https:\/\/hepatologia.medicongressbudapest.com\/<\/a><\/p>\n<\/div><\/li><li class=\"fusion-li-item\" style=\"\"><span class=\"icon-wrapper circle-yes\"><i class=\"fusion-li-icon fa-calendar-alt fas\" aria-hidden=\"true\"><\/i><\/span><div class=\"fusion-li-item-content\">\n<p><strong>CEE Hep. Collaboratio<\/strong><br \/>\nD\u00e1tum: 2024. szeptember 9.<br \/>\nHelysz\u00edn: Visegr\u00e1d<\/p>\n<\/div><\/li><li class=\"fusion-li-item\" style=\"\"><span class=\"icon-wrapper circle-yes\"><i class=\"fusion-li-icon fa-calendar-alt fas\" aria-hidden=\"true\"><\/i><\/span><div class=\"fusion-li-item-content\">\n<p><strong>Endoszk\u00f3pos Szekci\u00f3<\/strong><br \/>\nD\u00e1tum: 2024. szeptember 19-20.<br \/>\nHelysz\u00edn: Velence<\/p>\n<\/div><\/li><li class=\"fusion-li-item\" style=\"\"><span class=\"icon-wrapper circle-yes\"><i class=\"fusion-li-icon fa-calendar-alt fas\" aria-hidden=\"true\"><\/i><\/span><div class=\"fusion-li-item-content\">\n<p><strong>MMTT\u00a0<\/strong><br \/>\nD\u00e1tum: 2024. okt\u00f3ber 10-12.<br \/>\nHelysz\u00edn: Visegr\u00e1d<\/p>\n<\/div><\/li><li class=\"fusion-li-item\" style=\"\"><span class=\"icon-wrapper circle-yes\"><i class=\"fusion-li-icon fa-calendar-alt fas\" aria-hidden=\"true\"><\/i><\/span><div class=\"fusion-li-item-content\">\n<p><strong>UEGW\u00a0<\/strong><br \/>\nD\u00e1tum: 2024. okt\u00f3ber 12-15.<br \/>\nHelysz\u00edn: B\u00e9cs<\/p>\n<\/div><\/li><li class=\"fusion-li-item\" style=\"\"><span class=\"icon-wrapper circle-yes\"><i class=\"fusion-li-icon fa-calendar-alt fas\" aria-hidden=\"true\"><\/i><\/span><div class=\"fusion-li-item-content\">\n<p><strong>Nagy Istv\u00e1n eml\u00e9k\u00fcl\u00e9s<\/strong><br \/>\nD\u00e1tum: 2024. okt\u00f3ber 25.<br \/>\nHelysz\u00edn: Szeged<\/p>\n<\/div><\/li><li class=\"fusion-li-item\" style=\"\"><span class=\"icon-wrapper circle-yes\"><i class=\"fusion-li-icon fa-calendar-alt fas\" aria-hidden=\"true\"><\/i><\/span><div class=\"fusion-li-item-content\">\n<p><strong>MBT 50. Nagygy\u0171l\u00e9s\u00a0<\/strong><br \/>\nD\u00e1tum: 2024. november 14-16.<\/p>\n<\/div><\/li><li class=\"fusion-li-item\" style=\"\"><span class=\"icon-wrapper circle-yes\"><i class=\"fusion-li-icon fa-calendar-alt fas\" aria-hidden=\"true\"><\/i><\/span><div class=\"fusion-li-item-content\">\n<p><strong>GYAGA<\/strong><br \/>\nD\u00e1tum: Budapest, Aquaworld<br \/>\nHelysz\u00edn: 2024. november 22-23.<\/p>\n<\/div><\/li><\/ul><div class=\"fusion-clearfix\"><\/div><\/div><\/div><\/div><\/div><div class=\"fusion-fullwidth fullwidth-box fusion-builder-row-2 nonhundred-percent-fullwidth non-hundred-percent-height-scrolling\" style=\"--awb-border-radius-top-left:0px;--awb-border-radius-top-right:0px;--awb-border-radius-bottom-right:0px;--awb-border-radius-bottom-left:0px;--awb-margin-top:20px;--awb-flex-wrap:wrap;\" ><div class=\"fusion-builder-row fusion-row\"><\/div><\/div><\/p>","protected":false},"excerpt":{"rendered":"","protected":false},"author":1,"featured_media":0,"parent":0,"menu_order":0,"comment_status":"closed","ping_status":"closed","template":"100-width.php","meta":{"footnotes":""},"class_list":["post-13033","page","type-page","status-publish","hentry"],"_links":{"self":[{"href":"https:\/\/mgtiroda.hu\/en\/wp-json\/wp\/v2\/pages\/13033","targetHints":{"allow":["GET"]}}],"collection":[{"href":"https:\/\/mgtiroda.hu\/en\/wp-json\/wp\/v2\/pages"}],"about":[{"href":"https:\/\/mgtiroda.hu\/en\/wp-json\/wp\/v2\/types\/page"}],"author":[{"embeddable":true,"href":"https:\/\/mgtiroda.hu\/en\/wp-json\/wp\/v2\/users\/1"}],"replies":[{"embeddable":true,"href":"https:\/\/mgtiroda.hu\/en\/wp-json\/wp\/v2\/comments?post=13033"}],"version-history":[{"count":9,"href":"https:\/\/mgtiroda.hu\/en\/wp-json\/wp\/v2\/pages\/13033\/revisions"}],"predecessor-version":[{"id":13052,"href":"https:\/\/mgtiroda.hu\/en\/wp-json\/wp\/v2\/pages\/13033\/revisions\/13052"}],"wp:attachment":[{"href":"https:\/\/mgtiroda.hu\/en\/wp-json\/wp\/v2\/media?parent=13033"}],"curies":[{"name":"wp","href":"https:\/\/api.w.org\/{rel}","templated":true}]}}