{"id":13115,"date":"2025-04-28T18:53:06","date_gmt":"2025-04-28T16:53:06","guid":{"rendered":"https:\/\/mgtiroda.hu\/?page_id=13115"},"modified":"2025-04-28T18:53:06","modified_gmt":"2025-04-28T16:53:06","slug":"pro-optimo-merito-in-pancreatico-oncologia-dij","status":"publish","type":"page","link":"https:\/\/mgtiroda.hu\/en\/palyazatok\/pro-optimo-merito-in-pancreatico-oncologia-dij\/","title":{"rendered":"\u201ePro optimo merito in pancreatico-oncologia\u201d d\u00edj"},"content":{"rendered":"<div class=\"fusion-fullwidth fullwidth-box fusion-builder-row-1 nonhundred-percent-fullwidth non-hundred-percent-height-scrolling\" style=\"--awb-border-radius-top-left:0px;--awb-border-radius-top-right:0px;--awb-border-radius-bottom-right:0px;--awb-border-radius-bottom-left:0px;--awb-flex-wrap:wrap;\" ><div class=\"fusion-builder-row fusion-row\"><div class=\"fusion-layout-column fusion_builder_column fusion-builder-column-0 fusion_builder_column_1_1 1_1 fusion-one-full fusion-column-first fusion-column-last\" style=\"--awb-bg-size:cover;--awb-margin-bottom:0px;\"><div class=\"fusion-column-wrapper fusion-flex-column-wrapper-legacy\"><div class=\"fusion-text fusion-text-1\" style=\"--awb-text-transform:none;\"><p><strong>P\u00e1ly\u00e1zati felh\u00edv\u00e1s &#8211; \u201ePro optimo merito in pancreatico-oncologia\u201d d\u00edj<\/strong><\/p>\n<p style=\"text-align: center;\"><strong>Felh\u00edv\u00e1s<\/strong><\/p>\n<p style=\"text-align: justify;\">A Magyar Tudom\u00e1nyos Akad\u00e9mia \u00e1ltal n\u00e9hai Simor P\u00e1ln\u00e9 hagyat\u00e9k\u00e1b\u00f3l alap\u00edtott Simor P\u00e1l R\u00e1kkutat\u00f3 Alap\u00edtv\u00e1ny kurat\u00f3riuma felh\u00edvja a gy\u00f3gy\u00edt\u00f3 \u00e9s kutat\u00f3 int\u00e9zm\u00e9nyek szervezeti egys\u00e9geinek vezet\u0151it, dolgoz\u00f3it \u00e9s az Akad\u00e9mia k\u00f6ztest\u00fclet\u00e9nek tagjait, tegyenek javaslatot<\/p>\n<p style=\"text-align: center;\"><strong>\u201ePro optimo merito in pancreatico-oncologia\u201d d\u00edj<\/strong><\/p>\n<p style=\"text-align: justify;\">oda\u00edt\u00e9l\u00e9s\u00e9re.<\/p>\n<p style=\"text-align: justify;\">A kurat\u00f3rium a d\u00edjat, amely 300.000 Ft p\u00e9nzjutalommal, az adom\u00e1nyoz\u00e1st r\u00f6gz\u00edt\u0151 oklev\u00e9llel, a d\u00edjhoz j\u00e1r\u00f3 bronz \u00e9rm\u00e9vel j\u00e1r &#8211;\u00a0<strong>a r\u00e1kkutat\u00e1sban, k\u00fcl\u00f6n\u00f6sen a hasny\u00e1lmirigyr\u00e1k \u00e9s m\u00e1s em\u00e9szt\u0151szervi r\u00e1kok kutat\u00e1s\u00e1ban \u00e9s gy\u00f3gy\u00edt\u00e1s\u00e1ban jelent\u0151s eredm\u00e9nyeket el\u00e9rt kutat\u00f3k \u00e9s orvosok r\u00e9sz\u00e9re adom\u00e1nyozza.<\/strong><\/p>\n<p style=\"text-align: justify;\"><strong>A javaslatban r\u00e9szletesen ismertetni kell a javasolt szem\u00e9ly kutat\u00f3, ill. gy\u00f3gy\u00edt\u00f3 tev\u00e9kenys\u00e9g\u00e9t \u00e9s e tev\u00e9kenys\u00e9g eredm\u00e9ny\u00e9t.<\/strong><\/p>\n<p style=\"text-align: center;\">A javaslatokat<\/p>\n<p style=\"text-align: center;\"><strong>2025. m\u00e1jus 14-ig<\/strong><\/p>\n<p style=\"text-align: center;\">k\u00e9rj\u00fck megk\u00fcldeni a\u00a0czako.laszlo@med.u-szeged.hu\u00a0email c\u00edmre.<\/p>\n<p style=\"text-align: justify;\">A d\u00edjak \u00e1tad\u00e1s\u00e1ra a Magyar Gasztroenterol\u00f3giai T\u00e1rsas\u00e1g 67. Nagygy\u0171l\u00e9sen ker\u00fcl sor. A d\u00edjazottak nev\u00e9t az Akad\u00e9miai \u00c9rtes\u00edt\u0151ben \u00e9s a Magyar Gasztroenterol\u00f3giai T\u00e1rsas\u00e1g honlapj\u00e1n nyilv\u00e1noss\u00e1gra hozzuk.<\/p>\n<\/div><div class=\"fusion-clearfix\"><\/div><\/div><\/div><\/div><\/div>","protected":false},"excerpt":{"rendered":"","protected":false},"author":1,"featured_media":0,"parent":12345,"menu_order":0,"comment_status":"closed","ping_status":"closed","template":"","meta":{"footnotes":""},"class_list":["post-13115","page","type-page","status-publish","hentry"],"_links":{"self":[{"href":"https:\/\/mgtiroda.hu\/en\/wp-json\/wp\/v2\/pages\/13115","targetHints":{"allow":["GET"]}}],"collection":[{"href":"https:\/\/mgtiroda.hu\/en\/wp-json\/wp\/v2\/pages"}],"about":[{"href":"https:\/\/mgtiroda.hu\/en\/wp-json\/wp\/v2\/types\/page"}],"author":[{"embeddable":true,"href":"https:\/\/mgtiroda.hu\/en\/wp-json\/wp\/v2\/users\/1"}],"replies":[{"embeddable":true,"href":"https:\/\/mgtiroda.hu\/en\/wp-json\/wp\/v2\/comments?post=13115"}],"version-history":[{"count":1,"href":"https:\/\/mgtiroda.hu\/en\/wp-json\/wp\/v2\/pages\/13115\/revisions"}],"predecessor-version":[{"id":13116,"href":"https:\/\/mgtiroda.hu\/en\/wp-json\/wp\/v2\/pages\/13115\/revisions\/13116"}],"up":[{"embeddable":true,"href":"https:\/\/mgtiroda.hu\/en\/wp-json\/wp\/v2\/pages\/12345"}],"wp:attachment":[{"href":"https:\/\/mgtiroda.hu\/en\/wp-json\/wp\/v2\/media?parent=13115"}],"curies":[{"name":"wp","href":"https:\/\/api.w.org\/{rel}","templated":true}]}}