{"id":13117,"date":"2025-04-28T18:55:30","date_gmt":"2025-04-28T16:55:30","guid":{"rendered":"https:\/\/mgtiroda.hu\/?page_id=13117"},"modified":"2026-04-20T23:36:57","modified_gmt":"2026-04-20T21:36:57","slug":"pro-optimo-merito-in-pancreatico-oncologia-ifjusagi-dij","status":"publish","type":"page","link":"https:\/\/mgtiroda.hu\/en\/palyazatok\/pro-optimo-merito-in-pancreatico-oncologia-ifjusagi-dij\/","title":{"rendered":"\u201ePro optimo merito in pancreatico-oncologia\u201d Ifj\u00fas\u00e1gi D\u00edj"},"content":{"rendered":"<div class=\"fusion-fullwidth fullwidth-box fusion-builder-row-1 nonhundred-percent-fullwidth non-hundred-percent-height-scrolling\" style=\"--awb-border-radius-top-left:0px;--awb-border-radius-top-right:0px;--awb-border-radius-bottom-right:0px;--awb-border-radius-bottom-left:0px;--awb-flex-wrap:wrap;\" ><div class=\"fusion-builder-row fusion-row\"><div class=\"fusion-layout-column fusion_builder_column fusion-builder-column-0 fusion_builder_column_1_1 1_1 fusion-one-full fusion-column-first fusion-column-last\" style=\"--awb-bg-size:cover;--awb-margin-bottom:0px;\"><div class=\"fusion-column-wrapper fusion-flex-column-wrapper-legacy\"><div class=\"fusion-text fusion-text-1\" style=\"--awb-text-transform:none;\"><p><strong>P\u00e1ly\u00e1zati felh\u00edv\u00e1s &#8211; \u201ePro optimo merito in pancreatico-oncologia\u201d Ifj\u00fas\u00e1gi D\u00edj<\/strong><\/p>\n<p><strong>Felh\u00edv\u00e1s<\/strong><\/p>\n<p style=\"text-align: justify;\">A Magyar Tudom\u00e1nyos Akad\u00e9mia \u00e1ltal n\u00e9hai Simor P\u00e1ln\u00e9 hagyat\u00e9k\u00e1b\u00f3l alap\u00edtott Simor P\u00e1l R\u00e1kkutat\u00f3 Alap\u00edtv\u00e1ny kurat\u00f3riuma<\/p>\n<p style=\"text-align: center;\"><strong>\u201ePro optimo merito in pancreatico-oncologia\u201d Ifj\u00fas\u00e1gi D\u00edjra<\/strong><\/p>\n<p style=\"text-align: justify;\">p\u00e1ly\u00e1zatot hirdet.<\/p>\n<p style=\"text-align: justify;\">A p\u00e1ly\u00e1z\u00e1s felt\u00e9telei:<\/p>\n<ul>\n<li style=\"text-align: justify;\">35 \u00e9v alatti \u00e9letkor<\/li>\n<li style=\"text-align: justify;\">nemzetk\u00f6zi foly\u00f3iratban megjelent k\u00f6zlem\u00e9ny, amely a hasny\u00e1lmirigy- m\u00e1j \u00e9s a gyomor-b\u00e9l traktus daganatai keletkez\u00e9se, gy\u00f3gy\u00edt\u00e1sa t\u00e9m\u00e1ban ker\u00fclt k\u00f6zl\u00e9sre.<\/li>\n<\/ul>\n<p>A D\u00edj 150.000 Ft p\u00e9nzjutalommal, \u00e9remmel \u00e9s oklev\u00e9llel j\u00e1r.<\/p>\n<p style=\"text-align: justify;\">A k\u00f6zlem\u00e9nyt a szerz\u0151nek elektronikusan kell beny\u00fajtani a\u00a0czako.laszlo@med.u-szeged.hu\u00a0email c\u00edmre.<\/p>\n<p style=\"text-align: justify;\"><strong>Bek\u00fcld\u00e9si hat\u00e1rid\u0151: 2026. m\u00e1jus 20.<\/strong><\/p>\n<p style=\"text-align: justify;\">A be\u00e9rkezett k\u00f6zlem\u00e9nyek k\u00f6z\u00fcl a legkiv\u00e1l\u00f3bbat fogja a Kurat\u00f3rium \u201ePro optimo merito in pancreatico-oncologia\u201d Ifj\u00fas\u00e1gi D\u00edjban r\u00e9szes\u00edteni.<\/p>\n<p style=\"text-align: justify;\">A d\u00edjak \u00e1tad\u00e1s\u00e1ra Magyar Gasztroenterol\u00f3giai T\u00e1rsas\u00e1g 68. Nagygy\u0171l\u00e9sen ker\u00fcl sor. A d\u00edjazottak nev\u00e9t az Akad\u00e9miai \u00c9rtes\u00edt\u0151ben \u00e9s a Magyar Gasztroenterol\u00f3giai T\u00e1rsas\u00e1g honlapj\u00e1n nyilv\u00e1noss\u00e1gra hozzuk.<\/p>\n<\/div><div class=\"fusion-clearfix\"><\/div><\/div><\/div><\/div><\/div>","protected":false},"excerpt":{"rendered":"","protected":false},"author":1,"featured_media":0,"parent":12345,"menu_order":0,"comment_status":"closed","ping_status":"closed","template":"","meta":{"footnotes":""},"class_list":["post-13117","page","type-page","status-publish","hentry"],"_links":{"self":[{"href":"https:\/\/mgtiroda.hu\/en\/wp-json\/wp\/v2\/pages\/13117","targetHints":{"allow":["GET"]}}],"collection":[{"href":"https:\/\/mgtiroda.hu\/en\/wp-json\/wp\/v2\/pages"}],"about":[{"href":"https:\/\/mgtiroda.hu\/en\/wp-json\/wp\/v2\/types\/page"}],"author":[{"embeddable":true,"href":"https:\/\/mgtiroda.hu\/en\/wp-json\/wp\/v2\/users\/1"}],"replies":[{"embeddable":true,"href":"https:\/\/mgtiroda.hu\/en\/wp-json\/wp\/v2\/comments?post=13117"}],"version-history":[{"count":2,"href":"https:\/\/mgtiroda.hu\/en\/wp-json\/wp\/v2\/pages\/13117\/revisions"}],"predecessor-version":[{"id":13211,"href":"https:\/\/mgtiroda.hu\/en\/wp-json\/wp\/v2\/pages\/13117\/revisions\/13211"}],"up":[{"embeddable":true,"href":"https:\/\/mgtiroda.hu\/en\/wp-json\/wp\/v2\/pages\/12345"}],"wp:attachment":[{"href":"https:\/\/mgtiroda.hu\/en\/wp-json\/wp\/v2\/media?parent=13117"}],"curies":[{"name":"wp","href":"https:\/\/api.w.org\/{rel}","templated":true}]}}