{"id":13174,"date":"2026-01-22T21:44:55","date_gmt":"2026-01-22T20:44:55","guid":{"rendered":"https:\/\/mgtiroda.hu\/?page_id=13174"},"modified":"2026-04-13T14:21:17","modified_gmt":"2026-04-13T12:21:17","slug":"rendezvenynaptar-2026","status":"publish","type":"page","link":"https:\/\/mgtiroda.hu\/en\/rendezvenynaptar-2026\/","title":{"rendered":"Rendezv\u00e9nynapt\u00e1r &#8211; 2026"},"content":{"rendered":"<p><div class=\"fusion-fullwidth fullwidth-box fusion-builder-row-1 nonhundred-percent-fullwidth non-hundred-percent-height-scrolling\" style=\"--awb-border-radius-top-left:0px;--awb-border-radius-top-right:0px;--awb-border-radius-bottom-right:0px;--awb-border-radius-bottom-left:0px;--awb-flex-wrap:wrap;\" ><div class=\"fusion-builder-row fusion-row\"><div class=\"fusion-layout-column fusion_builder_column fusion-builder-column-0 fusion_builder_column_1_1 1_1 fusion-one-full fusion-column-first fusion-column-last\" style=\"--awb-padding-right:30px;--awb-bg-size:cover;--awb-border-color:#3b9bcc;--awb-border-right:2px;--awb-border-style:dotted;--awb-margin-bottom:0px;\"><div class=\"fusion-column-wrapper fusion-column-has-shadow fusion-flex-column-wrapper-legacy\"><ul style=\"--awb-line-height:23.8px;--awb-icon-width:23.8px;--awb-icon-height:23.8px;--awb-icon-margin:9.8px;--awb-content-margin:33.6px;--awb-circlecolor:#3b9bcc;--awb-circle-yes-font-size:12.32px;\" class=\"fusion-checklist fusion-checklist-1 fusion-checklist-default fusion-checklist-divider type-icons\"><li class=\"fusion-li-item\" style=\"\"><span class=\"icon-wrapper circle-yes\"><i class=\"fusion-li-icon fa-calendar-alt fas\" aria-hidden=\"true\"><\/i><\/span><div class=\"fusion-li-item-content\">\n<p><strong>Colon Szekci\u00f3 Tudom\u00e1nyos \u00dcl\u00e9se<br \/>\n<\/strong>D\u00e1tum: 2026.03.06-07.<br \/>\nHelysz\u00edn: Egerszal\u00f3k<br \/>\nInform\u00e1ci\u00f3: <a href=\"https:\/\/stand-art.hu\/MGT2026\">https:\/\/stand-art.hu\/MGT2026<\/a><\/p>\n<\/div><\/li><li class=\"fusion-li-item\" style=\"\"><span class=\"icon-wrapper circle-yes\"><i class=\"fusion-li-icon fa-calendar-alt fas\" aria-hidden=\"true\"><\/i><\/span><div class=\"fusion-li-item-content\">\n<p><strong>IBD Iskola 2026<br \/>\n<\/strong>D\u00e1tum: 2026.03.27-28.<br \/>\nHelysz\u00edn: Debreceni Egyetem Klinika K\u00f6zpont Gasztroenterol\u00f3giai Klinika<\/p>\n<\/div><\/li><li class=\"fusion-li-item\" style=\"\"><span class=\"icon-wrapper circle-yes\"><i class=\"fusion-li-icon fa-calendar-alt fas\" aria-hidden=\"true\"><\/i><\/span><div class=\"fusion-li-item-content\">\n<p><strong>ESGE Days 2026<br \/>\n<\/strong>D\u00e1tum: 2026.05.14-16<br \/>\nHelysz\u00edn: Mil\u00e1n\u00f3, Olaszorsz\u00e1g<br \/>\nLink: <a href=\"https:\/\/esgedays.org\/\" target=\"_blank\" rel=\"noopener\">https:\/\/esgedays.org\/<\/a><\/p>\n<\/div><\/li><li class=\"fusion-li-item\" style=\"\"><span class=\"icon-wrapper circle-yes\"><i class=\"fusion-li-icon fa-calendar-alt fas\" aria-hidden=\"true\"><\/i><\/span><div class=\"fusion-li-item-content\">\n<p><strong>HSGE Governing Board Meeting<br \/>\n<\/strong>D\u00e1tum: 2026.04.16.<br \/>\nHelysz\u00edn: Budapest<\/p>\n<\/div><\/li><li class=\"fusion-li-item\" style=\"\"><span class=\"icon-wrapper circle-yes\"><i class=\"fusion-li-icon fa-calendar-alt fas\" aria-hidden=\"true\"><\/i><\/span><div class=\"fusion-li-item-content\">\n<p><strong>DDW 2026 &#8211; Digestive Disease Week<\/strong><br \/>\nD\u00e1tum: 2026.05.02-05.<br \/>\nHelysz\u00edn: USA, Chicago, IL<br \/>\nLink: <a href=\"https:\/\/ddw.org\/\" target=\"_blank\" rel=\"noopener\">https:\/\/ddw.org\/<\/a><\/p>\n<\/div><\/li><li class=\"fusion-li-item\" style=\"\"><span class=\"icon-wrapper circle-yes\"><i class=\"fusion-li-icon fa-calendar-alt fas\" aria-hidden=\"true\"><\/i><\/span><div class=\"fusion-li-item-content\">\n<p><strong>MGT 68. Nagygy\u0171l\u00e9se ~ 2026<\/strong><br \/>\nD\u00e1tum: 2026.06.04-07..<br \/>\nHelysz\u00edn: Si\u00f3fok, Hotel Az\u00far<br \/>\nTudom\u00e1nyos Program: <a href=\"https:\/\/pszr.mgtiroda.hu\/event\/6\">https:\/\/pszr.mgtiroda.hu\/event\/6<\/a><br \/>\nRegisztr\u00e1ci\u00f3: <a href=\"https:\/\/felabor.hu\/event\/mgt68ngy\/regisztracio\/\">https:\/\/felabor.hu\/event\/mgt68ngy\/regisztracio\/<\/a><\/p>\n<\/div><\/li><li class=\"fusion-li-item\" style=\"\"><span class=\"icon-wrapper circle-yes\"><i class=\"fusion-li-icon fa-calendar-alt fas\" aria-hidden=\"true\"><\/i><\/span><div class=\"fusion-li-item-content\">\n<p><strong>Chronic Hepatitis B Management Summit 2026<\/strong><br \/>\nD\u00e1tum: 2026.06.12-14.<br \/>\nHelysz\u00edn: Budapest, Park Plaza Hotel<br \/>\n<a href=\"https:\/\/korlevel.mgtiroda.hu\/wp-content\/uploads\/acymailing\/upload\/2026\/Chronic_Hepatitis_B_Management_Summit_2026____Programme_1.pdf\">Program<\/a><\/p>\n<\/div><\/li><li class=\"fusion-li-item\" style=\"\"><span class=\"icon-wrapper circle-yes\"><i class=\"fusion-li-icon fa-calendar-alt fas\" aria-hidden=\"true\"><\/i><\/span><div class=\"fusion-li-item-content\">\n<p><strong>UEG Week 2026<\/strong><br \/>\nD\u00e1tum: 2026.10.17-20.<br \/>\nHelysz\u00edn: Barcelona<br \/>\nLink: <a href=\"https:\/\/ueg.eu\/week\" target=\"_blank\" rel=\"noopener\">https:\/\/ueg.eu\/week<\/a><\/p>\n<\/div><\/li><\/ul><div class=\"fusion-clearfix\"><\/div><\/div><\/div><\/div><\/div><div class=\"fusion-fullwidth fullwidth-box fusion-builder-row-2 nonhundred-percent-fullwidth non-hundred-percent-height-scrolling\" style=\"--awb-border-radius-top-left:0px;--awb-border-radius-top-right:0px;--awb-border-radius-bottom-right:0px;--awb-border-radius-bottom-left:0px;--awb-margin-top:20px;--awb-flex-wrap:wrap;\" ><div class=\"fusion-builder-row fusion-row\"><\/div><\/div><\/p>","protected":false},"excerpt":{"rendered":"","protected":false},"author":1,"featured_media":0,"parent":0,"menu_order":0,"comment_status":"closed","ping_status":"closed","template":"100-width.php","meta":{"footnotes":""},"class_list":["post-13174","page","type-page","status-publish","hentry"],"_links":{"self":[{"href":"https:\/\/mgtiroda.hu\/en\/wp-json\/wp\/v2\/pages\/13174","targetHints":{"allow":["GET"]}}],"collection":[{"href":"https:\/\/mgtiroda.hu\/en\/wp-json\/wp\/v2\/pages"}],"about":[{"href":"https:\/\/mgtiroda.hu\/en\/wp-json\/wp\/v2\/types\/page"}],"author":[{"embeddable":true,"href":"https:\/\/mgtiroda.hu\/en\/wp-json\/wp\/v2\/users\/1"}],"replies":[{"embeddable":true,"href":"https:\/\/mgtiroda.hu\/en\/wp-json\/wp\/v2\/comments?post=13174"}],"version-history":[{"count":3,"href":"https:\/\/mgtiroda.hu\/en\/wp-json\/wp\/v2\/pages\/13174\/revisions"}],"predecessor-version":[{"id":13200,"href":"https:\/\/mgtiroda.hu\/en\/wp-json\/wp\/v2\/pages\/13174\/revisions\/13200"}],"wp:attachment":[{"href":"https:\/\/mgtiroda.hu\/en\/wp-json\/wp\/v2\/media?parent=13174"}],"curies":[{"name":"wp","href":"https:\/\/api.w.org\/{rel}","templated":true}]}}